{"id":916,"date":"2024-01-08T10:25:31","date_gmt":"2024-01-08T08:25:31","guid":{"rendered":"https:\/\/sv-eichenbarleben.de\/?page_id=916"},"modified":"2025-01-07T10:19:59","modified_gmt":"2025-01-07T08:19:59","slug":"2024-2","status":"publish","type":"page","link":"https:\/\/sv-eichenbarleben.de\/?page_id=916","title":{"rendered":"2024"},"content":{"rendered":"<p>11.12.024<\/p>\n<p>4. Platz in der Verbandsliga Luftpistole<\/p>\n<p>Am 08.12.2024 fand der letzte Wettkampftag in der Verbandsliga Freihand f\u00fcr Luftpistole in Wolmirstedt statt.<\/p>\n<p>Die Einzelergebnisse unserer Sch\u00fctzen &#8211; Amy, Laura und Lina &#8211; waren besser als im Training, haben bei der starken Konkurrenz aber leider nicht gereicht.<\/p>\n<p>Wir machen weiter und sind hoch motiviert f\u00fcr alle kommenden Wettk\u00e4mpfe!<\/p>\n<p>(c)SVE<img loading=\"lazy\" decoding=\"async\" class=\"wp-image-1042 alignleft\" src=\"http:\/\/sv-eichenbarleben.de\/wp-content\/uploads\/2024\/12\/SVE-LuPi-1024x768.jpg\" alt=\"\" width=\"354\" height=\"266\" srcset=\"https:\/\/sv-eichenbarleben.de\/wp-content\/uploads\/2024\/12\/SVE-LuPi-1024x768.jpg 1024w, https:\/\/sv-eichenbarleben.de\/wp-content\/uploads\/2024\/12\/SVE-LuPi-300x225.jpg 300w, https:\/\/sv-eichenbarleben.de\/wp-content\/uploads\/2024\/12\/SVE-LuPi-768x576.jpg 768w, https:\/\/sv-eichenbarleben.de\/wp-content\/uploads\/2024\/12\/SVE-LuPi-1536x1152.jpg 1536w, https:\/\/sv-eichenbarleben.de\/wp-content\/uploads\/2024\/12\/SVE-LuPi.jpg 2048w\" sizes=\"auto, (max-width: 354px) 100vw, 354px\" \/><img loading=\"lazy\" decoding=\"async\" class=\"wp-image-1043 alignleft\" src=\"http:\/\/sv-eichenbarleben.de\/wp-content\/uploads\/2024\/12\/GruppenfotoLuPi-1024x768.jpg\" alt=\"\" width=\"354\" height=\"266\" srcset=\"https:\/\/sv-eichenbarleben.de\/wp-content\/uploads\/2024\/12\/GruppenfotoLuPi-1024x768.jpg 1024w, https:\/\/sv-eichenbarleben.de\/wp-content\/uploads\/2024\/12\/GruppenfotoLuPi-300x225.jpg 300w, https:\/\/sv-eichenbarleben.de\/wp-content\/uploads\/2024\/12\/GruppenfotoLuPi-768x576.jpg 768w, https:\/\/sv-eichenbarleben.de\/wp-content\/uploads\/2024\/12\/GruppenfotoLuPi-1536x1152.jpg 1536w, https:\/\/sv-eichenbarleben.de\/wp-content\/uploads\/2024\/12\/GruppenfotoLuPi.jpg 2048w\" sizes=\"auto, (max-width: 354px) 100vw, 354px\" \/><\/p>\n<p>&nbsp;<\/p>\n<p>&nbsp;<\/p>\n<p>&nbsp;<\/p>\n<p>&nbsp;<\/p>\n<p>&nbsp;<\/p>\n<p>(c)SVE<\/p>\n<p>&nbsp;<\/p>\n<p>&nbsp;<\/p>\n<p>&nbsp;<\/p>\n<p>&nbsp;<\/p>\n<p>&nbsp;<\/p>\n<hr \/>\n<p>13.08.2024<\/p>\n<p><strong>Sch\u00fctzenfest\u00a0 &#8211; SV Eichenbarleben &#8211; 2024<\/strong><\/p>\n<p>Viele Eichenbarleber haben zu unserer gro\u00dfen Freude wieder zusammen mit uns gefeiert. Wir bedanken uns bei allen, die zum Gelingen des diesj\u00e4hringen Sch\u00fctzenfests beigetragen haben.<\/p>\n<div id='gallery-1' class='gallery galleryid-916 gallery-columns-3 gallery-size-thumbnail'><figure class='gallery-item'>\n\t\t\t<div class='gallery-icon landscape'>\n\t\t\t\t<a href='https:\/\/sv-eichenbarleben.de\/?attachment_id=990'><img loading=\"lazy\" decoding=\"async\" width=\"150\" height=\"150\" src=\"https:\/\/sv-eichenbarleben.de\/wp-content\/uploads\/2024\/08\/DSC05436-150x150.jpg\" class=\"attachment-thumbnail size-thumbnail\" alt=\"\" srcset=\"https:\/\/sv-eichenbarleben.de\/wp-content\/uploads\/2024\/08\/DSC05436-150x150.jpg 150w, https:\/\/sv-eichenbarleben.de\/wp-content\/uploads\/2024\/08\/DSC05436-100x100.jpg 100w\" sizes=\"auto, 100vw\" \/><\/a>\n\t\t\t<\/div><\/figure><figure class='gallery-item'>\n\t\t\t<div class='gallery-icon portrait'>\n\t\t\t\t<a href='https:\/\/sv-eichenbarleben.de\/?attachment_id=992'><img loading=\"lazy\" decoding=\"async\" width=\"150\" height=\"150\" src=\"https:\/\/sv-eichenbarleben.de\/wp-content\/uploads\/2024\/08\/DSC05440-150x150.jpg\" class=\"attachment-thumbnail size-thumbnail\" alt=\"\" srcset=\"https:\/\/sv-eichenbarleben.de\/wp-content\/uploads\/2024\/08\/DSC05440-150x150.jpg 150w, https:\/\/sv-eichenbarleben.de\/wp-content\/uploads\/2024\/08\/DSC05440-100x100.jpg 100w\" sizes=\"auto, 100vw\" \/><\/a>\n\t\t\t<\/div><\/figure><figure class='gallery-item'>\n\t\t\t<div class='gallery-icon landscape'>\n\t\t\t\t<a href='https:\/\/sv-eichenbarleben.de\/?attachment_id=996'><img loading=\"lazy\" decoding=\"async\" width=\"150\" height=\"150\" src=\"https:\/\/sv-eichenbarleben.de\/wp-content\/uploads\/2024\/08\/DSC05511-150x150.jpg\" class=\"attachment-thumbnail size-thumbnail\" alt=\"\" srcset=\"https:\/\/sv-eichenbarleben.de\/wp-content\/uploads\/2024\/08\/DSC05511-150x150.jpg 150w, https:\/\/sv-eichenbarleben.de\/wp-content\/uploads\/2024\/08\/DSC05511-100x100.jpg 100w\" sizes=\"auto, 100vw\" \/><\/a>\n\t\t\t<\/div><\/figure><figure class='gallery-item'>\n\t\t\t<div class='gallery-icon landscape'>\n\t\t\t\t<a href='https:\/\/sv-eichenbarleben.de\/?attachment_id=1001'><img loading=\"lazy\" decoding=\"async\" width=\"150\" height=\"150\" src=\"https:\/\/sv-eichenbarleben.de\/wp-content\/uploads\/2024\/08\/DSC05544-150x150.jpg\" class=\"attachment-thumbnail size-thumbnail\" alt=\"\" srcset=\"https:\/\/sv-eichenbarleben.de\/wp-content\/uploads\/2024\/08\/DSC05544-150x150.jpg 150w, https:\/\/sv-eichenbarleben.de\/wp-content\/uploads\/2024\/08\/DSC05544-100x100.jpg 100w\" sizes=\"auto, 100vw\" \/><\/a>\n\t\t\t<\/div><\/figure><figure class='gallery-item'>\n\t\t\t<div class='gallery-icon landscape'>\n\t\t\t\t<a href='https:\/\/sv-eichenbarleben.de\/?attachment_id=1002'><img loading=\"lazy\" decoding=\"async\" width=\"150\" height=\"150\" src=\"https:\/\/sv-eichenbarleben.de\/wp-content\/uploads\/2024\/08\/DSC05552-150x150.jpg\" class=\"attachment-thumbnail size-thumbnail\" alt=\"\" srcset=\"https:\/\/sv-eichenbarleben.de\/wp-content\/uploads\/2024\/08\/DSC05552-150x150.jpg 150w, https:\/\/sv-eichenbarleben.de\/wp-content\/uploads\/2024\/08\/DSC05552-100x100.jpg 100w\" sizes=\"auto, 100vw\" \/><\/a>\n\t\t\t<\/div><\/figure><figure class='gallery-item'>\n\t\t\t<div class='gallery-icon landscape'>\n\t\t\t\t<a href='https:\/\/sv-eichenbarleben.de\/?attachment_id=1003'><img loading=\"lazy\" decoding=\"async\" width=\"150\" height=\"150\" src=\"https:\/\/sv-eichenbarleben.de\/wp-content\/uploads\/2024\/08\/DSC05555-150x150.jpg\" class=\"attachment-thumbnail size-thumbnail\" alt=\"\" srcset=\"https:\/\/sv-eichenbarleben.de\/wp-content\/uploads\/2024\/08\/DSC05555-150x150.jpg 150w, https:\/\/sv-eichenbarleben.de\/wp-content\/uploads\/2024\/08\/DSC05555-100x100.jpg 100w\" sizes=\"auto, 100vw\" \/><\/a>\n\t\t\t<\/div><\/figure><figure class='gallery-item'>\n\t\t\t<div class='gallery-icon landscape'>\n\t\t\t\t<a href='https:\/\/sv-eichenbarleben.de\/?attachment_id=1004'><img loading=\"lazy\" decoding=\"async\" width=\"150\" height=\"150\" src=\"https:\/\/sv-eichenbarleben.de\/wp-content\/uploads\/2024\/08\/DSC05565-150x150.jpg\" class=\"attachment-thumbnail size-thumbnail\" alt=\"\" srcset=\"https:\/\/sv-eichenbarleben.de\/wp-content\/uploads\/2024\/08\/DSC05565-150x150.jpg 150w, https:\/\/sv-eichenbarleben.de\/wp-content\/uploads\/2024\/08\/DSC05565-100x100.jpg 100w\" sizes=\"auto, 100vw\" \/><\/a>\n\t\t\t<\/div><\/figure><figure class='gallery-item'>\n\t\t\t<div class='gallery-icon portrait'>\n\t\t\t\t<a href='https:\/\/sv-eichenbarleben.de\/?attachment_id=979'><img loading=\"lazy\" decoding=\"async\" width=\"150\" height=\"150\" src=\"https:\/\/sv-eichenbarleben.de\/wp-content\/uploads\/2024\/08\/20240810_164923-150x150.jpg\" class=\"attachment-thumbnail size-thumbnail\" alt=\"\" srcset=\"https:\/\/sv-eichenbarleben.de\/wp-content\/uploads\/2024\/08\/20240810_164923-150x150.jpg 150w, https:\/\/sv-eichenbarleben.de\/wp-content\/uploads\/2024\/08\/20240810_164923-100x100.jpg 100w\" sizes=\"auto, 100vw\" \/><\/a>\n\t\t\t<\/div><\/figure><figure class='gallery-item'>\n\t\t\t<div class='gallery-icon landscape'>\n\t\t\t\t<a href='https:\/\/sv-eichenbarleben.de\/?attachment_id=1014'><img loading=\"lazy\" decoding=\"async\" width=\"150\" height=\"150\" src=\"https:\/\/sv-eichenbarleben.de\/wp-content\/uploads\/2024\/08\/IMG_1874-150x150.jpg\" class=\"attachment-thumbnail size-thumbnail\" alt=\"\" aria-describedby=\"gallery-1-1014\" srcset=\"https:\/\/sv-eichenbarleben.de\/wp-content\/uploads\/2024\/08\/IMG_1874-150x150.jpg 150w, https:\/\/sv-eichenbarleben.de\/wp-content\/uploads\/2024\/08\/IMG_1874-100x100.jpg 100w\" sizes=\"auto, 100vw\" \/><\/a>\n\t\t\t<\/div>\n\t\t\t\t<figcaption class='wp-caption-text gallery-caption' id='gallery-1-1014'>\n\t\t\t\tK\u00f6nigshaus 2024\n\t\t\t\t<\/figcaption><\/figure><figure class='gallery-item'>\n\t\t\t<div class='gallery-icon portrait'>\n\t\t\t\t<a href='https:\/\/sv-eichenbarleben.de\/?attachment_id=983'><img loading=\"lazy\" decoding=\"async\" width=\"150\" height=\"150\" src=\"https:\/\/sv-eichenbarleben.de\/wp-content\/uploads\/2024\/08\/20240810_171031-150x150.jpg\" class=\"attachment-thumbnail size-thumbnail\" alt=\"\" srcset=\"https:\/\/sv-eichenbarleben.de\/wp-content\/uploads\/2024\/08\/20240810_171031-150x150.jpg 150w, https:\/\/sv-eichenbarleben.de\/wp-content\/uploads\/2024\/08\/20240810_171031-100x100.jpg 100w\" sizes=\"auto, 100vw\" \/><\/a>\n\t\t\t<\/div><\/figure><figure class='gallery-item'>\n\t\t\t<div class='gallery-icon landscape'>\n\t\t\t\t<a href='https:\/\/sv-eichenbarleben.de\/?attachment_id=986'><img loading=\"lazy\" decoding=\"async\" width=\"150\" height=\"150\" src=\"https:\/\/sv-eichenbarleben.de\/wp-content\/uploads\/2024\/08\/20240810_174924-150x150.jpg\" class=\"attachment-thumbnail size-thumbnail\" alt=\"\" srcset=\"https:\/\/sv-eichenbarleben.de\/wp-content\/uploads\/2024\/08\/20240810_174924-150x150.jpg 150w, https:\/\/sv-eichenbarleben.de\/wp-content\/uploads\/2024\/08\/20240810_174924-100x100.jpg 100w\" sizes=\"auto, 100vw\" \/><\/a>\n\t\t\t<\/div><\/figure><figure class='gallery-item'>\n\t\t\t<div class='gallery-icon portrait'>\n\t\t\t\t<a href='https:\/\/sv-eichenbarleben.de\/?attachment_id=987'><img loading=\"lazy\" decoding=\"async\" width=\"150\" height=\"150\" src=\"https:\/\/sv-eichenbarleben.de\/wp-content\/uploads\/2024\/08\/20240810_174935-150x150.jpg\" class=\"attachment-thumbnail size-thumbnail\" alt=\"\" srcset=\"https:\/\/sv-eichenbarleben.de\/wp-content\/uploads\/2024\/08\/20240810_174935-150x150.jpg 150w, https:\/\/sv-eichenbarleben.de\/wp-content\/uploads\/2024\/08\/20240810_174935-100x100.jpg 100w\" sizes=\"auto, 100vw\" \/><\/a>\n\t\t\t<\/div><\/figure><figure class='gallery-item'>\n\t\t\t<div class='gallery-icon portrait'>\n\t\t\t\t<a href='https:\/\/sv-eichenbarleben.de\/?attachment_id=988'><img loading=\"lazy\" decoding=\"async\" width=\"150\" height=\"150\" src=\"https:\/\/sv-eichenbarleben.de\/wp-content\/uploads\/2024\/08\/20240810_204240-150x150.jpg\" class=\"attachment-thumbnail size-thumbnail\" alt=\"\" srcset=\"https:\/\/sv-eichenbarleben.de\/wp-content\/uploads\/2024\/08\/20240810_204240-150x150.jpg 150w, https:\/\/sv-eichenbarleben.de\/wp-content\/uploads\/2024\/08\/20240810_204240-100x100.jpg 100w\" sizes=\"auto, 100vw\" \/><\/a>\n\t\t\t<\/div><\/figure>\n\t\t<\/div>\n\n<p>&nbsp;<\/p>\n<div class=\"entry-content\">\n<p>&nbsp;<\/p>\n<\/div>\n<hr \/>\n<p>03.07.2024<\/p>\n<figure id=\"attachment_962\" aria-describedby=\"caption-attachment-962\" style=\"width: 295px\" class=\"wp-caption alignnone\"><img loading=\"lazy\" decoding=\"async\" class=\"wp-image-962\" src=\"http:\/\/sv-eichenbarleben.de\/wp-content\/uploads\/2024\/07\/Amy-714x1024.jpg\" alt=\"\" width=\"295\" height=\"423\" srcset=\"https:\/\/sv-eichenbarleben.de\/wp-content\/uploads\/2024\/07\/Amy-714x1024.jpg 714w, https:\/\/sv-eichenbarleben.de\/wp-content\/uploads\/2024\/07\/Amy-209x300.jpg 209w, https:\/\/sv-eichenbarleben.de\/wp-content\/uploads\/2024\/07\/Amy.jpg 753w\" sizes=\"auto, (max-width: 295px) 100vw, 295px\" \/><figcaption id=\"caption-attachment-962\" class=\"wp-caption-text\">(c)SVE<\/figcaption><\/figure>\n<p>Wir gratulieren unserer Amy Walter zu einem hervorragenden 2. Platz<br \/>\nbei den Landesmeisterschaften in der Disziplin Sportpistole.<\/p>\n<p>Herzlichen Gl\u00fcckwunsch!<\/p>\n<hr \/>\n<div class=\"views-article-frontpage-row views-row\">\n<div class=\"views-field views-field-title\"><\/div>\n<\/div>\n<p>&nbsp;<\/p>\n<hr \/>\n<p>30.05.2024<\/p>\n<div class=\"views-article-frontpage-row views-row\">\n<div class=\"views-field views-field-title\">\n<h3 class=\"field-content view-article-frontpage-h2\"><strong>DSB: Sch\u00fctzenwesen steht f\u00fcr Toleranz und Weltoffenheit<\/strong><\/h3>\n<p>Der DSB und die Landesverb\u00e4nde haben auf Grund der aktuellen Entwicklung in Bezug auf die fremdenfeindlichen und rassistischen Umformulierungen des Liedes &#8222;L&#8217;amour toujours&#8220; des Musikers Gigi D&#8217;Agostion nachfolgende Stellungnahme verfasst:<\/p>\n<p><a href=\"https:\/\/www.sv-st.de\/artikel\/2024\/1414\" target=\"_blank\" rel=\"noopener\">https:\/\/www.sv-st.de\/artikel\/2024\/1414<\/a><\/p>\n<hr \/>\n<\/div>\n<\/div>\n<p>08.04.2024<\/p>\n<p>Auf dem diesj\u00e4hrigen Sch\u00fctzenball anl\u00e4\u00dflich des 34. Landessch\u00fctzentages fand die Proklamation der neuen Landesmajest\u00e4ten statt. Anna-Lena Weilbeer schaffte es auf den Thron. Sie wurde neue Landesjugendk\u00f6nigin &#8211; mit einem Teiler von 3,1. Damit hat sich Anna-Lena f\u00fcr das Bundesk\u00f6nigsschie\u00dfen am 08.06.2024 in Bassum qualifiziert und vertritt als Sch\u00fctzin aus Eichenbarleben unseren Landesverband.<\/p>\n<p>Herzlichen Gl\u00fcckwunsch!<\/p>\n<p><img loading=\"lazy\" decoding=\"async\" class=\"alignnone  wp-image-946\" src=\"http:\/\/sv-eichenbarleben.de\/wp-content\/uploads\/2024\/04\/AnnaL.jpg\" alt=\"\" width=\"317\" height=\"461\" srcset=\"https:\/\/sv-eichenbarleben.de\/wp-content\/uploads\/2024\/04\/AnnaL.jpg 440w, https:\/\/sv-eichenbarleben.de\/wp-content\/uploads\/2024\/04\/AnnaL-206x300.jpg 206w\" sizes=\"auto, (max-width: 317px) 100vw, 317px\" \/><img loading=\"lazy\" decoding=\"async\" class=\"wp-image-945 alignnone\" src=\"http:\/\/sv-eichenbarleben.de\/wp-content\/uploads\/2024\/04\/Anna_Lena.jpg\" alt=\"\" width=\"315\" height=\"420\" srcset=\"https:\/\/sv-eichenbarleben.de\/wp-content\/uploads\/2024\/04\/Anna_Lena.jpg 480w, https:\/\/sv-eichenbarleben.de\/wp-content\/uploads\/2024\/04\/Anna_Lena-225x300.jpg 225w\" sizes=\"auto, (max-width: 315px) 100vw, 315px\" \/><img loading=\"lazy\" decoding=\"async\" class=\"wp-image-947 alignnone\" src=\"http:\/\/sv-eichenbarleben.de\/wp-content\/uploads\/2024\/04\/Landeskoenigsball-768x1024.jpg\" alt=\"\" width=\"317\" height=\"423\" srcset=\"https:\/\/sv-eichenbarleben.de\/wp-content\/uploads\/2024\/04\/Landeskoenigsball-768x1024.jpg 768w, https:\/\/sv-eichenbarleben.de\/wp-content\/uploads\/2024\/04\/Landeskoenigsball-225x300.jpg 225w, https:\/\/sv-eichenbarleben.de\/wp-content\/uploads\/2024\/04\/Landeskoenigsball-1152x1536.jpg 1152w, https:\/\/sv-eichenbarleben.de\/wp-content\/uploads\/2024\/04\/Landeskoenigsball.jpg 1200w\" sizes=\"auto, (max-width: 317px) 100vw, 317px\" \/><\/p>\n<hr \/>\n<p>29.01.2024<\/p>\n<p>Beim Landesdamenpokal am 28.01.2024 in Wolmirstedt errang Amy Walther in der Disziplin Luftpistole den hervorragenden 2. Platz.<\/p>\n<p>Herzlichen Gl\u00fcckwunsch!<\/p>\n<figure id=\"attachment_938\" aria-describedby=\"caption-attachment-938\" style=\"width: 378px\" class=\"wp-caption alignnone\"><img loading=\"lazy\" decoding=\"async\" class=\"wp-image-938\" src=\"http:\/\/sv-eichenbarleben.de\/wp-content\/uploads\/2024\/01\/AmyLDP2024-e1706531664281.jpg\" alt=\"(c) SVE\" width=\"378\" height=\"420\" srcset=\"https:\/\/sv-eichenbarleben.de\/wp-content\/uploads\/2024\/01\/AmyLDP2024-e1706531664281.jpg 480w, https:\/\/sv-eichenbarleben.de\/wp-content\/uploads\/2024\/01\/AmyLDP2024-e1706531664281-270x300.jpg 270w\" sizes=\"auto, (max-width: 378px) 100vw, 378px\" \/><figcaption id=\"caption-attachment-938\" class=\"wp-caption-text\">(c) SVE<\/figcaption><\/figure>\n<hr \/>\n<p>26.01.2024<\/p>\n<p>Verbandsliga Luftgewehr\/Luftpistole<\/p>\n<figure id=\"attachment_934\" aria-describedby=\"caption-attachment-934\" style=\"width: 382px\" class=\"wp-caption alignnone\"><img loading=\"lazy\" decoding=\"async\" class=\"wp-image-934\" src=\"http:\/\/sv-eichenbarleben.de\/wp-content\/uploads\/2024\/01\/LandesligaLD_2024-e1706268963525-699x1024.jpg\" alt=\"(c) SVE\" width=\"382\" height=\"560\" srcset=\"https:\/\/sv-eichenbarleben.de\/wp-content\/uploads\/2024\/01\/LandesligaLD_2024-e1706268963525-699x1024.jpg 699w, https:\/\/sv-eichenbarleben.de\/wp-content\/uploads\/2024\/01\/LandesligaLD_2024-e1706268963525-205x300.jpg 205w, https:\/\/sv-eichenbarleben.de\/wp-content\/uploads\/2024\/01\/LandesligaLD_2024-e1706268963525-768x1125.jpg 768w, https:\/\/sv-eichenbarleben.de\/wp-content\/uploads\/2024\/01\/LandesligaLD_2024-e1706268963525.jpg 901w\" sizes=\"auto, (max-width: 382px) 100vw, 382px\" \/><figcaption id=\"caption-attachment-934\" class=\"wp-caption-text\">(c) SVE<\/figcaption><\/figure>\n<p>Am 21.01.2024 fand in Bitterfeld die Endrunde der Verbandsliga in den Luftdruckdisziplinen statt. Unser Verein startete mit je einer Manschaft Luftgewehr und Luftpistole.<\/p>\n<p>Wir gratulieren unserer LG-Mannschaft (Bild: Cassidy, Anna-Lena und Luis) zum hervorragenden 2. Platz.<\/p>\n<p>Unsere LP-Manschaft konnte sich leider gegen die starke Konkurrenz nicht durchsetzen und kam insgesamt auf Rang 6.<\/p>\n<p>Allen Startern danke f\u00fcr ihren Einsatz zu den vergangenen Wettk\u00e4mpfen!<\/p>\n<hr \/>\n<p>Kreismeisterschaft 2024 &#8211; Luftdruck<\/p>\n<p>An der Kreismeisterschaft Luftdruck am 6. und 7. Januar 2024 haben unsere Luftdrucksch\u00fctzen erfolgreich teilgenommen.<\/p>\n<p>Die\u00a0 Landesmeisterschaft kann kommen!<\/p>\n<p><a href=\"http:\/\/sv-eichenbarleben.de\/wp-content\/uploads\/2024\/01\/Kreismeisterschaft-LD_24.pdf\" target=\"_blank\" rel=\"noopener\">Impressionen von der Kreismeisterschaft LD_24<\/a><\/p>\n","protected":false},"excerpt":{"rendered":"<p>11.12.024 4. Platz in der Verbandsliga Luftpistole Am 08.12.2024 fand der letzte Wettkampftag in der Verbandsliga Freihand f\u00fcr Luftpistole in Wolmirstedt statt. Die Einzelergebnisse unserer Sch\u00fctzen &#8211; Amy, Laura und Lina &#8211; waren besser als im Training, haben bei der starken Konkurrenz aber leider nicht gereicht. Wir machen weiter und sind hoch motiviert f\u00fcr alle &hellip; <\/p>\n<p class=\"link-more\"><a href=\"https:\/\/sv-eichenbarleben.de\/?page_id=916\" class=\"more-link\"><span class=\"screen-reader-text\">\u201e2024\u201c <\/span>weiterlesen<\/a><\/p>\n","protected":false},"author":4,"featured_media":0,"parent":0,"menu_order":0,"comment_status":"closed","ping_status":"closed","template":"","meta":{"footnotes":""},"class_list":["post-916","page","type-page","status-publish","hentry"],"_links":{"self":[{"href":"https:\/\/sv-eichenbarleben.de\/index.php?rest_route=\/wp\/v2\/pages\/916","targetHints":{"allow":["GET"]}}],"collection":[{"href":"https:\/\/sv-eichenbarleben.de\/index.php?rest_route=\/wp\/v2\/pages"}],"about":[{"href":"https:\/\/sv-eichenbarleben.de\/index.php?rest_route=\/wp\/v2\/types\/page"}],"author":[{"embeddable":true,"href":"https:\/\/sv-eichenbarleben.de\/index.php?rest_route=\/wp\/v2\/users\/4"}],"replies":[{"embeddable":true,"href":"https:\/\/sv-eichenbarleben.de\/index.php?rest_route=%2Fwp%2Fv2%2Fcomments&post=916"}],"version-history":[{"count":5,"href":"https:\/\/sv-eichenbarleben.de\/index.php?rest_route=\/wp\/v2\/pages\/916\/revisions"}],"predecessor-version":[{"id":1052,"href":"https:\/\/sv-eichenbarleben.de\/index.php?rest_route=\/wp\/v2\/pages\/916\/revisions\/1052"}],"wp:attachment":[{"href":"https:\/\/sv-eichenbarleben.de\/index.php?rest_route=%2Fwp%2Fv2%2Fmedia&parent=916"}],"curies":[{"name":"wp","href":"https:\/\/api.w.org\/{rel}","templated":true}]}}