{"id":897,"date":"2023-11-02T14:12:56","date_gmt":"2023-11-02T12:12:56","guid":{"rendered":"https:\/\/sv-eichenbarleben.de\/?page_id=897"},"modified":"2023-11-02T14:12:56","modified_gmt":"2023-11-02T12:12:56","slug":"trapschiessen-auf-der-dachsburg-bei-satuelle-am-02-09-2023","status":"publish","type":"page","link":"https:\/\/sv-eichenbarleben.de\/?page_id=897","title":{"rendered":"Trapschie\u00dfen auf der &#8222;Dachsburg&#8220; bei Satuelle am 02.09. 2023"},"content":{"rendered":"<p>Trapschie\u00dfen auf der &#8222;Dachsburg&#8220; bei Satuelle am 02.09. 2023<\/p>\n<p>Neun Teilnehmer aus unserem Verein trafen sich zum Trapschie\u00dfen. \u00a0F\u00fcr einige &#8211; J\u00e4ger &#8211; Training, f\u00fcr die anderen ein Schnupperkurs. Je Serie und Sch\u00fctzen wurden 15 Flugscheiben (Tontauben) beschossen. Die Ergebnisse waren sehr unterschiedlich, von einem Treffer bis 12 Treffer war alles dabei. Alle haben etwas gelernt und vor allem hat es Spa\u00df gemacht. Einheitliche Meinung: Machen wir noch einmal!<\/p>\n<p>Danke an Andr\u00e9 vom Schie\u00dfplatzverein f\u00fcr seine Zeit.<br \/>\n<img loading=\"lazy\" decoding=\"async\" class=\"alignnone  wp-image-883\" src=\"http:\/\/sv-eichenbarleben.de\/wp-content\/uploads\/2023\/09\/bd829dbe-e87a-4c90-a476-63c491ca2326-1024x768.jpeg\" alt=\"\" width=\"322\" height=\"242\" srcset=\"https:\/\/sv-eichenbarleben.de\/wp-content\/uploads\/2023\/09\/bd829dbe-e87a-4c90-a476-63c491ca2326-1024x768.jpeg 1024w, https:\/\/sv-eichenbarleben.de\/wp-content\/uploads\/2023\/09\/bd829dbe-e87a-4c90-a476-63c491ca2326-300x225.jpeg 300w, https:\/\/sv-eichenbarleben.de\/wp-content\/uploads\/2023\/09\/bd829dbe-e87a-4c90-a476-63c491ca2326-768x576.jpeg 768w, https:\/\/sv-eichenbarleben.de\/wp-content\/uploads\/2023\/09\/bd829dbe-e87a-4c90-a476-63c491ca2326-1536x1152.jpeg 1536w, https:\/\/sv-eichenbarleben.de\/wp-content\/uploads\/2023\/09\/bd829dbe-e87a-4c90-a476-63c491ca2326.jpeg 1600w\" sizes=\"auto, (max-width: 322px) 100vw, 322px\" \/><\/p>\n<p><img loading=\"lazy\" decoding=\"async\" class=\"wp-image-884 alignleft\" src=\"http:\/\/sv-eichenbarleben.de\/wp-content\/uploads\/2023\/09\/f2396369-2897-4c3e-9b89-6f1eae6d1ed5-768x1024.jpeg\" alt=\"\" width=\"170\" height=\"227\" srcset=\"https:\/\/sv-eichenbarleben.de\/wp-content\/uploads\/2023\/09\/f2396369-2897-4c3e-9b89-6f1eae6d1ed5-768x1024.jpeg 768w, https:\/\/sv-eichenbarleben.de\/wp-content\/uploads\/2023\/09\/f2396369-2897-4c3e-9b89-6f1eae6d1ed5-225x300.jpeg 225w, https:\/\/sv-eichenbarleben.de\/wp-content\/uploads\/2023\/09\/f2396369-2897-4c3e-9b89-6f1eae6d1ed5-1152x1536.jpeg 1152w, https:\/\/sv-eichenbarleben.de\/wp-content\/uploads\/2023\/09\/f2396369-2897-4c3e-9b89-6f1eae6d1ed5.jpeg 1200w\" sizes=\"auto, (max-width: 170px) 100vw, 170px\" \/><img loading=\"lazy\" decoding=\"async\" class=\"wp-image-885 alignleft\" src=\"http:\/\/sv-eichenbarleben.de\/wp-content\/uploads\/2023\/09\/c172b0e7-97c2-4a25-8643-6911347e72cd-577x1024.jpeg\" alt=\"\" width=\"129\" height=\"229\" srcset=\"https:\/\/sv-eichenbarleben.de\/wp-content\/uploads\/2023\/09\/c172b0e7-97c2-4a25-8643-6911347e72cd-577x1024.jpeg 577w, https:\/\/sv-eichenbarleben.de\/wp-content\/uploads\/2023\/09\/c172b0e7-97c2-4a25-8643-6911347e72cd-169x300.jpeg 169w, https:\/\/sv-eichenbarleben.de\/wp-content\/uploads\/2023\/09\/c172b0e7-97c2-4a25-8643-6911347e72cd-768x1364.jpeg 768w, https:\/\/sv-eichenbarleben.de\/wp-content\/uploads\/2023\/09\/c172b0e7-97c2-4a25-8643-6911347e72cd.jpeg 824w\" sizes=\"auto, (max-width: 129px) 100vw, 129px\" \/><img loading=\"lazy\" decoding=\"async\" class=\"alignnone  wp-image-886\" src=\"http:\/\/sv-eichenbarleben.de\/wp-content\/uploads\/2023\/09\/455ec3af-5cb9-4812-883e-4ee326fd8397-585x1024.jpeg\" alt=\"\" width=\"128\" height=\"224\" srcset=\"https:\/\/sv-eichenbarleben.de\/wp-content\/uploads\/2023\/09\/455ec3af-5cb9-4812-883e-4ee326fd8397-585x1024.jpeg 585w, https:\/\/sv-eichenbarleben.de\/wp-content\/uploads\/2023\/09\/455ec3af-5cb9-4812-883e-4ee326fd8397-171x300.jpeg 171w, https:\/\/sv-eichenbarleben.de\/wp-content\/uploads\/2023\/09\/455ec3af-5cb9-4812-883e-4ee326fd8397-768x1344.jpeg 768w, https:\/\/sv-eichenbarleben.de\/wp-content\/uploads\/2023\/09\/455ec3af-5cb9-4812-883e-4ee326fd8397-877x1536.jpeg 877w, https:\/\/sv-eichenbarleben.de\/wp-content\/uploads\/2023\/09\/455ec3af-5cb9-4812-883e-4ee326fd8397.jpeg 914w\" sizes=\"auto, (max-width: 128px) 100vw, 128px\" \/><img loading=\"lazy\" decoding=\"async\" class=\"alignnone  wp-image-887\" src=\"http:\/\/sv-eichenbarleben.de\/wp-content\/uploads\/2023\/09\/b5feecd8-6b63-4996-af11-51dcf6f41edc-1024x827.jpeg\" alt=\"\" width=\"335\" height=\"271\" srcset=\"https:\/\/sv-eichenbarleben.de\/wp-content\/uploads\/2023\/09\/b5feecd8-6b63-4996-af11-51dcf6f41edc-1024x827.jpeg 1024w, https:\/\/sv-eichenbarleben.de\/wp-content\/uploads\/2023\/09\/b5feecd8-6b63-4996-af11-51dcf6f41edc-300x242.jpeg 300w, https:\/\/sv-eichenbarleben.de\/wp-content\/uploads\/2023\/09\/b5feecd8-6b63-4996-af11-51dcf6f41edc-768x620.jpeg 768w, https:\/\/sv-eichenbarleben.de\/wp-content\/uploads\/2023\/09\/b5feecd8-6b63-4996-af11-51dcf6f41edc-1536x1241.jpeg 1536w, https:\/\/sv-eichenbarleben.de\/wp-content\/uploads\/2023\/09\/b5feecd8-6b63-4996-af11-51dcf6f41edc.jpeg 1588w\" sizes=\"auto, (max-width: 335px) 100vw, 335px\" \/><img loading=\"lazy\" decoding=\"async\" class=\"alignnone  wp-image-888\" src=\"http:\/\/sv-eichenbarleben.de\/wp-content\/uploads\/2023\/09\/abfa5c6c-5828-4829-b37b-283b636ce1e7-767x1024.jpeg\" alt=\"\" width=\"335\" height=\"448\" srcset=\"https:\/\/sv-eichenbarleben.de\/wp-content\/uploads\/2023\/09\/abfa5c6c-5828-4829-b37b-283b636ce1e7-767x1024.jpeg 767w, https:\/\/sv-eichenbarleben.de\/wp-content\/uploads\/2023\/09\/abfa5c6c-5828-4829-b37b-283b636ce1e7-225x300.jpeg 225w, https:\/\/sv-eichenbarleben.de\/wp-content\/uploads\/2023\/09\/abfa5c6c-5828-4829-b37b-283b636ce1e7-768x1025.jpeg 768w, https:\/\/sv-eichenbarleben.de\/wp-content\/uploads\/2023\/09\/abfa5c6c-5828-4829-b37b-283b636ce1e7-1151x1536.jpeg 1151w, https:\/\/sv-eichenbarleben.de\/wp-content\/uploads\/2023\/09\/abfa5c6c-5828-4829-b37b-283b636ce1e7.jpeg 1199w\" sizes=\"auto, (max-width: 335px) 100vw, 335px\" \/><img loading=\"lazy\" decoding=\"async\" class=\"alignnone  wp-image-889\" src=\"http:\/\/sv-eichenbarleben.de\/wp-content\/uploads\/2023\/09\/98b00f96-5e63-429f-bb0f-91024ad17103-1024x767.jpeg\" alt=\"\" width=\"334\" height=\"250\" srcset=\"https:\/\/sv-eichenbarleben.de\/wp-content\/uploads\/2023\/09\/98b00f96-5e63-429f-bb0f-91024ad17103-1024x767.jpeg 1024w, https:\/\/sv-eichenbarleben.de\/wp-content\/uploads\/2023\/09\/98b00f96-5e63-429f-bb0f-91024ad17103-300x225.jpeg 300w, https:\/\/sv-eichenbarleben.de\/wp-content\/uploads\/2023\/09\/98b00f96-5e63-429f-bb0f-91024ad17103-768x576.jpeg 768w, https:\/\/sv-eichenbarleben.de\/wp-content\/uploads\/2023\/09\/98b00f96-5e63-429f-bb0f-91024ad17103-1536x1151.jpeg 1536w, https:\/\/sv-eichenbarleben.de\/wp-content\/uploads\/2023\/09\/98b00f96-5e63-429f-bb0f-91024ad17103.jpeg 1600w\" sizes=\"auto, (max-width: 334px) 100vw, 334px\" \/><img loading=\"lazy\" decoding=\"async\" class=\"alignnone  wp-image-890\" src=\"http:\/\/sv-eichenbarleben.de\/wp-content\/uploads\/2023\/09\/1f6bace5-38c2-4d46-9510-ec2d76604f6e-1024x768.jpeg\" alt=\"\" width=\"338\" height=\"254\" srcset=\"https:\/\/sv-eichenbarleben.de\/wp-content\/uploads\/2023\/09\/1f6bace5-38c2-4d46-9510-ec2d76604f6e-1024x768.jpeg 1024w, https:\/\/sv-eichenbarleben.de\/wp-content\/uploads\/2023\/09\/1f6bace5-38c2-4d46-9510-ec2d76604f6e-300x225.jpeg 300w, https:\/\/sv-eichenbarleben.de\/wp-content\/uploads\/2023\/09\/1f6bace5-38c2-4d46-9510-ec2d76604f6e-768x576.jpeg 768w, https:\/\/sv-eichenbarleben.de\/wp-content\/uploads\/2023\/09\/1f6bace5-38c2-4d46-9510-ec2d76604f6e.jpeg 1340w\" sizes=\"auto, (max-width: 338px) 100vw, 338px\" \/><\/p>\n","protected":false},"excerpt":{"rendered":"<p>Trapschie\u00dfen auf der &#8222;Dachsburg&#8220; bei Satuelle am 02.09. 2023 Neun Teilnehmer aus unserem Verein trafen sich zum Trapschie\u00dfen. \u00a0F\u00fcr einige &#8211; J\u00e4ger &#8211; Training, f\u00fcr die anderen ein Schnupperkurs. Je Serie und Sch\u00fctzen wurden 15 Flugscheiben (Tontauben) beschossen. Die Ergebnisse waren sehr unterschiedlich, von einem Treffer bis 12 Treffer war alles dabei. Alle haben etwas &hellip; <\/p>\n<p class=\"link-more\"><a href=\"https:\/\/sv-eichenbarleben.de\/?page_id=897\" class=\"more-link\"><span class=\"screen-reader-text\">\u201eTrapschie\u00dfen auf der &#8222;Dachsburg&#8220; bei Satuelle am 02.09. 2023\u201c <\/span>weiterlesen<\/a><\/p>\n","protected":false},"author":4,"featured_media":0,"parent":0,"menu_order":0,"comment_status":"closed","ping_status":"closed","template":"","meta":{"footnotes":""},"class_list":["post-897","page","type-page","status-publish","hentry"],"_links":{"self":[{"href":"https:\/\/sv-eichenbarleben.de\/index.php?rest_route=\/wp\/v2\/pages\/897","targetHints":{"allow":["GET"]}}],"collection":[{"href":"https:\/\/sv-eichenbarleben.de\/index.php?rest_route=\/wp\/v2\/pages"}],"about":[{"href":"https:\/\/sv-eichenbarleben.de\/index.php?rest_route=\/wp\/v2\/types\/page"}],"author":[{"embeddable":true,"href":"https:\/\/sv-eichenbarleben.de\/index.php?rest_route=\/wp\/v2\/users\/4"}],"replies":[{"embeddable":true,"href":"https:\/\/sv-eichenbarleben.de\/index.php?rest_route=%2Fwp%2Fv2%2Fcomments&post=897"}],"version-history":[{"count":2,"href":"https:\/\/sv-eichenbarleben.de\/index.php?rest_route=\/wp\/v2\/pages\/897\/revisions"}],"predecessor-version":[{"id":900,"href":"https:\/\/sv-eichenbarleben.de\/index.php?rest_route=\/wp\/v2\/pages\/897\/revisions\/900"}],"wp:attachment":[{"href":"https:\/\/sv-eichenbarleben.de\/index.php?rest_route=%2Fwp%2Fv2%2Fmedia&parent=897"}],"curies":[{"name":"wp","href":"https:\/\/api.w.org\/{rel}","templated":true}]}}