{"id":761,"date":"2023-05-08T13:47:49","date_gmt":"2023-05-08T11:47:49","guid":{"rendered":"https:\/\/sv-eichenbarleben.de\/?page_id=761"},"modified":"2023-06-14T15:27:30","modified_gmt":"2023-06-14T13:27:30","slug":"arbeitseinsatz-2023","status":"publish","type":"page","link":"https:\/\/sv-eichenbarleben.de\/?page_id=761","title":{"rendered":"Arbeitseinsatz 2023"},"content":{"rendered":"<p><span style=\"font-size: 1rem; font-style: italic;\">Am 06.05.2023 fand unser\u00a0 erster Arbeitseinsatz in diesem Jahr statt.\u00a0 Im Sch\u00fctzenhaus und auf dem Sch\u00fctzenplatz wurde viel geschafft. Einen herzlichen Dank an alle, die tatkr\u00e4ftig mitgemacht haben!<\/span><\/p>\n<figure id=\"attachment_765\" aria-describedby=\"caption-attachment-765\" style=\"width: 218px\" class=\"wp-caption alignnone\"><img loading=\"lazy\" decoding=\"async\" class=\"wp-image-765\" src=\"http:\/\/sv-eichenbarleben.de\/wp-content\/uploads\/2023\/05\/Arbeitseinsatz2023_.jpg\" alt=\"(c) sve\" width=\"218\" height=\"291\" srcset=\"https:\/\/sv-eichenbarleben.de\/wp-content\/uploads\/2023\/05\/Arbeitseinsatz2023_.jpg 480w, https:\/\/sv-eichenbarleben.de\/wp-content\/uploads\/2023\/05\/Arbeitseinsatz2023_-225x300.jpg 225w\" sizes=\"auto, (max-width: 218px) 100vw, 218px\" \/><figcaption id=\"caption-attachment-765\" class=\"wp-caption-text\">(c) sve<\/figcaption><\/figure>\n<p>&nbsp;<\/p>\n<figure id=\"attachment_771\" aria-describedby=\"caption-attachment-771\" style=\"width: 225px\" class=\"wp-caption alignnone\"><img loading=\"lazy\" decoding=\"async\" class=\"wp-image-771\" src=\"http:\/\/sv-eichenbarleben.de\/wp-content\/uploads\/2023\/05\/Arbeitseinsatz23.jpg\" alt=\"\" width=\"225\" height=\"300\" srcset=\"https:\/\/sv-eichenbarleben.de\/wp-content\/uploads\/2023\/05\/Arbeitseinsatz23.jpg 480w, https:\/\/sv-eichenbarleben.de\/wp-content\/uploads\/2023\/05\/Arbeitseinsatz23-225x300.jpg 225w\" sizes=\"auto, (max-width: 225px) 100vw, 225px\" \/><figcaption id=\"caption-attachment-771\" class=\"wp-caption-text\">(c) SVE<\/figcaption><\/figure>\n<figure id=\"attachment_766\" aria-describedby=\"caption-attachment-766\" style=\"width: 306px\" class=\"wp-caption alignnone\"><img loading=\"lazy\" decoding=\"async\" class=\"wp-image-766\" src=\"http:\/\/sv-eichenbarleben.de\/wp-content\/uploads\/2023\/05\/Arbeitseinsatz2023__.jpg\" alt=\"\" width=\"306\" height=\"408\" srcset=\"https:\/\/sv-eichenbarleben.de\/wp-content\/uploads\/2023\/05\/Arbeitseinsatz2023__.jpg 480w, https:\/\/sv-eichenbarleben.de\/wp-content\/uploads\/2023\/05\/Arbeitseinsatz2023__-225x300.jpg 225w\" sizes=\"auto, (max-width: 306px) 100vw, 306px\" \/><figcaption id=\"caption-attachment-766\" class=\"wp-caption-text\">(c) SVE<\/figcaption><\/figure>\n<figure id=\"attachment_767\" aria-describedby=\"caption-attachment-767\" style=\"width: 300px\" class=\"wp-caption alignnone\"><img loading=\"lazy\" decoding=\"async\" class=\"wp-image-767\" src=\"http:\/\/sv-eichenbarleben.de\/wp-content\/uploads\/2023\/05\/Arbeitseinsatz20231.jpg\" alt=\"\" width=\"300\" height=\"400\" srcset=\"https:\/\/sv-eichenbarleben.de\/wp-content\/uploads\/2023\/05\/Arbeitseinsatz20231.jpg 480w, https:\/\/sv-eichenbarleben.de\/wp-content\/uploads\/2023\/05\/Arbeitseinsatz20231-225x300.jpg 225w\" sizes=\"auto, (max-width: 300px) 100vw, 300px\" \/><figcaption id=\"caption-attachment-767\" class=\"wp-caption-text\">(c) SVE<\/figcaption><\/figure>\n<figure id=\"attachment_769\" aria-describedby=\"caption-attachment-769\" style=\"width: 335px\" class=\"wp-caption alignnone\"><img loading=\"lazy\" decoding=\"async\" class=\"wp-image-769\" src=\"http:\/\/sv-eichenbarleben.de\/wp-content\/uploads\/2023\/05\/Arbeitseinsatz20233-1024x768.jpg\" alt=\"\" width=\"335\" height=\"251\" srcset=\"https:\/\/sv-eichenbarleben.de\/wp-content\/uploads\/2023\/05\/Arbeitseinsatz20233-1024x768.jpg 1024w, https:\/\/sv-eichenbarleben.de\/wp-content\/uploads\/2023\/05\/Arbeitseinsatz20233-300x225.jpg 300w, https:\/\/sv-eichenbarleben.de\/wp-content\/uploads\/2023\/05\/Arbeitseinsatz20233-768x576.jpg 768w, https:\/\/sv-eichenbarleben.de\/wp-content\/uploads\/2023\/05\/Arbeitseinsatz20233-1536x1152.jpg 1536w, https:\/\/sv-eichenbarleben.de\/wp-content\/uploads\/2023\/05\/Arbeitseinsatz20233.jpg 2000w\" sizes=\"auto, (max-width: 335px) 100vw, 335px\" \/><figcaption id=\"caption-attachment-769\" class=\"wp-caption-text\">(c) SVE<\/figcaption><\/figure>\n<figure id=\"attachment_770\" aria-describedby=\"caption-attachment-770\" style=\"width: 300px\" class=\"wp-caption alignnone\"><img loading=\"lazy\" decoding=\"async\" class=\"wp-image-770\" src=\"http:\/\/sv-eichenbarleben.de\/wp-content\/uploads\/2023\/05\/Arbeitseinsatz20234-768x1024.jpg\" alt=\"\" width=\"300\" height=\"400\" srcset=\"https:\/\/sv-eichenbarleben.de\/wp-content\/uploads\/2023\/05\/Arbeitseinsatz20234-768x1024.jpg 768w, https:\/\/sv-eichenbarleben.de\/wp-content\/uploads\/2023\/05\/Arbeitseinsatz20234-225x300.jpg 225w, https:\/\/sv-eichenbarleben.de\/wp-content\/uploads\/2023\/05\/Arbeitseinsatz20234-1152x1536.jpg 1152w, https:\/\/sv-eichenbarleben.de\/wp-content\/uploads\/2023\/05\/Arbeitseinsatz20234.jpg 1500w\" sizes=\"auto, (max-width: 300px) 100vw, 300px\" \/><figcaption id=\"caption-attachment-770\" class=\"wp-caption-text\">(c) SVE<\/figcaption><\/figure>\n<p>&nbsp;<\/p>\n","protected":false},"excerpt":{"rendered":"<p>Am 06.05.2023 fand unser\u00a0 erster Arbeitseinsatz in diesem Jahr statt.\u00a0 Im Sch\u00fctzenhaus und auf dem Sch\u00fctzenplatz wurde viel geschafft. Einen herzlichen Dank an alle, die tatkr\u00e4ftig mitgemacht haben! &nbsp; &nbsp;<\/p>\n","protected":false},"author":4,"featured_media":0,"parent":0,"menu_order":0,"comment_status":"closed","ping_status":"closed","template":"","meta":{"footnotes":""},"class_list":["post-761","page","type-page","status-publish","hentry"],"_links":{"self":[{"href":"https:\/\/sv-eichenbarleben.de\/index.php?rest_route=\/wp\/v2\/pages\/761","targetHints":{"allow":["GET"]}}],"collection":[{"href":"https:\/\/sv-eichenbarleben.de\/index.php?rest_route=\/wp\/v2\/pages"}],"about":[{"href":"https:\/\/sv-eichenbarleben.de\/index.php?rest_route=\/wp\/v2\/types\/page"}],"author":[{"embeddable":true,"href":"https:\/\/sv-eichenbarleben.de\/index.php?rest_route=\/wp\/v2\/users\/4"}],"replies":[{"embeddable":true,"href":"https:\/\/sv-eichenbarleben.de\/index.php?rest_route=%2Fwp%2Fv2%2Fcomments&post=761"}],"version-history":[{"count":5,"href":"https:\/\/sv-eichenbarleben.de\/index.php?rest_route=\/wp\/v2\/pages\/761\/revisions"}],"predecessor-version":[{"id":810,"href":"https:\/\/sv-eichenbarleben.de\/index.php?rest_route=\/wp\/v2\/pages\/761\/revisions\/810"}],"wp:attachment":[{"href":"https:\/\/sv-eichenbarleben.de\/index.php?rest_route=%2Fwp%2Fv2%2Fmedia&parent=761"}],"curies":[{"name":"wp","href":"https:\/\/api.w.org\/{rel}","templated":true}]}}