{"id":748,"date":"2023-05-04T09:12:14","date_gmt":"2023-05-04T07:12:14","guid":{"rendered":"https:\/\/sv-eichenbarleben.de\/?page_id=748"},"modified":"2024-01-08T10:29:40","modified_gmt":"2024-01-08T08:29:40","slug":"schuetzenfest-2023","status":"publish","type":"page","link":"https:\/\/sv-eichenbarleben.de\/?page_id=748","title":{"rendered":"Sch\u00fctzenfest 2023"},"content":{"rendered":"<p style=\"text-align: center;\"><strong>Wir gratulieren unseren Majest\u00e4ten 2023<\/strong><\/p>\n<p><img loading=\"lazy\" decoding=\"async\" class=\"alignnone size-large wp-image-866\" src=\"http:\/\/sv-eichenbarleben.de\/wp-content\/uploads\/2023\/08\/cropped-IMG_Majestaeten-2-1024x614.jpg\" alt=\"\" width=\"525\" height=\"315\" srcset=\"https:\/\/sv-eichenbarleben.de\/wp-content\/uploads\/2023\/08\/cropped-IMG_Majestaeten-2-1024x614.jpg 1024w, https:\/\/sv-eichenbarleben.de\/wp-content\/uploads\/2023\/08\/cropped-IMG_Majestaeten-2-300x180.jpg 300w, https:\/\/sv-eichenbarleben.de\/wp-content\/uploads\/2023\/08\/cropped-IMG_Majestaeten-2-768x461.jpg 768w, https:\/\/sv-eichenbarleben.de\/wp-content\/uploads\/2023\/08\/cropped-IMG_Majestaeten-2-1536x922.jpg 1536w, https:\/\/sv-eichenbarleben.de\/wp-content\/uploads\/2023\/08\/cropped-IMG_Majestaeten-2.jpg 2000w\" sizes=\"auto, (max-width: 525px) 100vw, 525px\" \/><\/p>\n<p>Sch\u00fctzenk\u00f6nigin Erdmute Kipper und Sch\u00fctzenk\u00f6nig Reiner Barth,<br \/>\nden Damen Elisa Kipper und Susann Ullrich,<br \/>\nden Rittern Detlef Tafelski und Mario Sauer,<br \/>\nder Jugendk\u00f6nigin Amy Walter und dem Jugendk\u00f6nig Luis Heiduk sowie unserem Kinderk\u00f6nigspaar Frieda Lenkeit und Philipp Brink<\/p>\n<p>&nbsp;<\/p>\n<p>&nbsp;<\/p>\n<p style=\"text-align: left;\"><a href=\"http:\/\/sv-eichenbarleben.de\/wp-content\/uploads\/2023\/05\/2023-Plakat_Schuetzenfest_final.pdf\" target=\"_blank\" rel=\"noopener\"><img loading=\"lazy\" decoding=\"async\" class=\"alignnone size-large wp-image-839\" src=\"http:\/\/sv-eichenbarleben.de\/wp-content\/uploads\/2023\/08\/20230714_Fackelumzug-1-1024x768.jpg\" alt=\"\" width=\"525\" height=\"394\" srcset=\"https:\/\/sv-eichenbarleben.de\/wp-content\/uploads\/2023\/08\/20230714_Fackelumzug-1-1024x768.jpg 1024w, https:\/\/sv-eichenbarleben.de\/wp-content\/uploads\/2023\/08\/20230714_Fackelumzug-1-300x225.jpg 300w, https:\/\/sv-eichenbarleben.de\/wp-content\/uploads\/2023\/08\/20230714_Fackelumzug-1-768x576.jpg 768w, https:\/\/sv-eichenbarleben.de\/wp-content\/uploads\/2023\/08\/20230714_Fackelumzug-1-1536x1152.jpg 1536w, https:\/\/sv-eichenbarleben.de\/wp-content\/uploads\/2023\/08\/20230714_Fackelumzug-1.jpg 1600w\" sizes=\"auto, (max-width: 525px) 100vw, 525px\" \/><img loading=\"lazy\" decoding=\"async\" class=\"size-large wp-image-841\" src=\"http:\/\/sv-eichenbarleben.de\/wp-content\/uploads\/2023\/08\/20230714_Fackelumzug-9-1024x768.jpg\" alt=\"\" width=\"525\" height=\"394\" srcset=\"https:\/\/sv-eichenbarleben.de\/wp-content\/uploads\/2023\/08\/20230714_Fackelumzug-9-1024x768.jpg 1024w, https:\/\/sv-eichenbarleben.de\/wp-content\/uploads\/2023\/08\/20230714_Fackelumzug-9-300x225.jpg 300w, https:\/\/sv-eichenbarleben.de\/wp-content\/uploads\/2023\/08\/20230714_Fackelumzug-9-768x576.jpg 768w, https:\/\/sv-eichenbarleben.de\/wp-content\/uploads\/2023\/08\/20230714_Fackelumzug-9-1536x1152.jpg 1536w, https:\/\/sv-eichenbarleben.de\/wp-content\/uploads\/2023\/08\/20230714_Fackelumzug-9.jpg 1600w\" sizes=\"auto, (max-width: 525px) 100vw, 525px\" \/><img loading=\"lazy\" decoding=\"async\" class=\"alignnone size-large wp-image-864\" src=\"http:\/\/sv-eichenbarleben.de\/wp-content\/uploads\/2023\/08\/IMG_Kuchenbasar-1024x683.jpg\" alt=\"\" width=\"525\" height=\"350\" srcset=\"https:\/\/sv-eichenbarleben.de\/wp-content\/uploads\/2023\/08\/IMG_Kuchenbasar-1024x683.jpg 1024w, https:\/\/sv-eichenbarleben.de\/wp-content\/uploads\/2023\/08\/IMG_Kuchenbasar-300x200.jpg 300w, https:\/\/sv-eichenbarleben.de\/wp-content\/uploads\/2023\/08\/IMG_Kuchenbasar-768x512.jpg 768w, https:\/\/sv-eichenbarleben.de\/wp-content\/uploads\/2023\/08\/IMG_Kuchenbasar-1536x1024.jpg 1536w, https:\/\/sv-eichenbarleben.de\/wp-content\/uploads\/2023\/08\/IMG_Kuchenbasar-2048x1365.jpg 2048w\" sizes=\"auto, (max-width: 525px) 100vw, 525px\" \/><img loading=\"lazy\" decoding=\"async\" class=\"size-large wp-image-866\" src=\"http:\/\/sv-eichenbarleben.de\/wp-content\/uploads\/2023\/08\/cropped-IMG_Majestaeten-2-1024x614.jpg\" alt=\"\" width=\"525\" height=\"315\" srcset=\"https:\/\/sv-eichenbarleben.de\/wp-content\/uploads\/2023\/08\/cropped-IMG_Majestaeten-2-1024x614.jpg 1024w, https:\/\/sv-eichenbarleben.de\/wp-content\/uploads\/2023\/08\/cropped-IMG_Majestaeten-2-300x180.jpg 300w, https:\/\/sv-eichenbarleben.de\/wp-content\/uploads\/2023\/08\/cropped-IMG_Majestaeten-2-768x461.jpg 768w, https:\/\/sv-eichenbarleben.de\/wp-content\/uploads\/2023\/08\/cropped-IMG_Majestaeten-2-1536x922.jpg 1536w, https:\/\/sv-eichenbarleben.de\/wp-content\/uploads\/2023\/08\/cropped-IMG_Majestaeten-2.jpg 2000w\" sizes=\"auto, (max-width: 525px) 100vw, 525px\" \/><\/a><\/p>\n<p style=\"text-align: left;\"><a href=\"http:\/\/sv-eichenbarleben.de\/wp-content\/uploads\/2023\/05\/2023-Plakat_Schuetzenfest_final.pdf\" target=\"_blank\" rel=\"noopener\"><img loading=\"lazy\" decoding=\"async\" class=\"alignnone size-large wp-image-863\" src=\"http:\/\/sv-eichenbarleben.de\/wp-content\/uploads\/2023\/08\/IMG_Gratulation-1024x683.jpg\" alt=\"\" width=\"525\" height=\"350\" srcset=\"https:\/\/sv-eichenbarleben.de\/wp-content\/uploads\/2023\/08\/IMG_Gratulation-1024x683.jpg 1024w, https:\/\/sv-eichenbarleben.de\/wp-content\/uploads\/2023\/08\/IMG_Gratulation-300x200.jpg 300w, https:\/\/sv-eichenbarleben.de\/wp-content\/uploads\/2023\/08\/IMG_Gratulation-768x512.jpg 768w, https:\/\/sv-eichenbarleben.de\/wp-content\/uploads\/2023\/08\/IMG_Gratulation-1536x1024.jpg 1536w, https:\/\/sv-eichenbarleben.de\/wp-content\/uploads\/2023\/08\/IMG_Gratulation-2048x1365.jpg 2048w\" sizes=\"auto, (max-width: 525px) 100vw, 525px\" \/><\/a><a href=\"http:\/\/sv-eichenbarleben.de\/wp-content\/uploads\/2023\/05\/2023-Plakat_Schuetzenfest_final.pdf\" target=\"_blank\" rel=\"noopener\"> <img loading=\"lazy\" decoding=\"async\" class=\"size-large wp-image-862 alignleft\" src=\"http:\/\/sv-eichenbarleben.de\/wp-content\/uploads\/2023\/08\/IMG_Feiern-4-1024x683.jpg\" alt=\"\" width=\"525\" height=\"350\" srcset=\"https:\/\/sv-eichenbarleben.de\/wp-content\/uploads\/2023\/08\/IMG_Feiern-4-1024x683.jpg 1024w, https:\/\/sv-eichenbarleben.de\/wp-content\/uploads\/2023\/08\/IMG_Feiern-4-300x200.jpg 300w, https:\/\/sv-eichenbarleben.de\/wp-content\/uploads\/2023\/08\/IMG_Feiern-4-768x512.jpg 768w, https:\/\/sv-eichenbarleben.de\/wp-content\/uploads\/2023\/08\/IMG_Feiern-4-1536x1024.jpg 1536w, https:\/\/sv-eichenbarleben.de\/wp-content\/uploads\/2023\/08\/IMG_Feiern-4-2048x1365.jpg 2048w\" sizes=\"auto, (max-width: 525px) 100vw, 525px\" \/> <img loading=\"lazy\" decoding=\"async\" class=\"wp-image-861 alignleft\" src=\"http:\/\/sv-eichenbarleben.de\/wp-content\/uploads\/2023\/08\/IMG_Feiern-3-683x1024.jpg\" alt=\"\" width=\"360\" height=\"540\" srcset=\"https:\/\/sv-eichenbarleben.de\/wp-content\/uploads\/2023\/08\/IMG_Feiern-3-683x1024.jpg 683w, https:\/\/sv-eichenbarleben.de\/wp-content\/uploads\/2023\/08\/IMG_Feiern-3-200x300.jpg 200w, https:\/\/sv-eichenbarleben.de\/wp-content\/uploads\/2023\/08\/IMG_Feiern-3-768x1152.jpg 768w, https:\/\/sv-eichenbarleben.de\/wp-content\/uploads\/2023\/08\/IMG_Feiern-3-1024x1536.jpg 1024w, https:\/\/sv-eichenbarleben.de\/wp-content\/uploads\/2023\/08\/IMG_Feiern-3-1365x2048.jpg 1365w, https:\/\/sv-eichenbarleben.de\/wp-content\/uploads\/2023\/08\/IMG_Feiern-3.jpg 1664w\" sizes=\"auto, (max-width: 360px) 100vw, 360px\" \/> <img loading=\"lazy\" decoding=\"async\" class=\"size-large wp-image-859 alignleft\" src=\"http:\/\/sv-eichenbarleben.de\/wp-content\/uploads\/2023\/08\/IMG_Feiern-1-1024x683.jpg\" alt=\"\" width=\"525\" height=\"350\" srcset=\"https:\/\/sv-eichenbarleben.de\/wp-content\/uploads\/2023\/08\/IMG_Feiern-1-1024x683.jpg 1024w, https:\/\/sv-eichenbarleben.de\/wp-content\/uploads\/2023\/08\/IMG_Feiern-1-300x200.jpg 300w, https:\/\/sv-eichenbarleben.de\/wp-content\/uploads\/2023\/08\/IMG_Feiern-1-768x512.jpg 768w, https:\/\/sv-eichenbarleben.de\/wp-content\/uploads\/2023\/08\/IMG_Feiern-1-1536x1024.jpg 1536w, https:\/\/sv-eichenbarleben.de\/wp-content\/uploads\/2023\/08\/IMG_Feiern-1-2048x1365.jpg 2048w\" sizes=\"auto, (max-width: 525px) 100vw, 525px\" \/> <img loading=\"lazy\" decoding=\"async\" class=\"wp-image-858 alignleft\" src=\"http:\/\/sv-eichenbarleben.de\/wp-content\/uploads\/2023\/08\/IMG_Ehrentanz-633x1024.jpg\" alt=\"\" width=\"369\" height=\"597\" srcset=\"https:\/\/sv-eichenbarleben.de\/wp-content\/uploads\/2023\/08\/IMG_Ehrentanz-633x1024.jpg 633w, https:\/\/sv-eichenbarleben.de\/wp-content\/uploads\/2023\/08\/IMG_Ehrentanz-186x300.jpg 186w, https:\/\/sv-eichenbarleben.de\/wp-content\/uploads\/2023\/08\/IMG_Ehrentanz-768x1242.jpg 768w, https:\/\/sv-eichenbarleben.de\/wp-content\/uploads\/2023\/08\/IMG_Ehrentanz.jpg 917w\" sizes=\"auto, (max-width: 369px) 100vw, 369px\" \/> <img loading=\"lazy\" decoding=\"async\" class=\"size-large wp-image-857 alignleft\" src=\"http:\/\/sv-eichenbarleben.de\/wp-content\/uploads\/2023\/08\/IMG_Begruessung-Landrat-1024x683.jpg\" alt=\"\" width=\"525\" height=\"350\" srcset=\"https:\/\/sv-eichenbarleben.de\/wp-content\/uploads\/2023\/08\/IMG_Begruessung-Landrat-1024x683.jpg 1024w, https:\/\/sv-eichenbarleben.de\/wp-content\/uploads\/2023\/08\/IMG_Begruessung-Landrat-300x200.jpg 300w, https:\/\/sv-eichenbarleben.de\/wp-content\/uploads\/2023\/08\/IMG_Begruessung-Landrat-768x512.jpg 768w, https:\/\/sv-eichenbarleben.de\/wp-content\/uploads\/2023\/08\/IMG_Begruessung-Landrat-1536x1024.jpg 1536w, https:\/\/sv-eichenbarleben.de\/wp-content\/uploads\/2023\/08\/IMG_Begruessung-Landrat-2048x1365.jpg 2048w\" sizes=\"auto, (max-width: 525px) 100vw, 525px\" \/> <img loading=\"lazy\" decoding=\"async\" class=\"size-large wp-image-856 alignleft\" src=\"http:\/\/sv-eichenbarleben.de\/wp-content\/uploads\/2023\/08\/IMG_Begruessung-Gaeste-3-1024x683.jpg\" alt=\"\" width=\"525\" height=\"350\" srcset=\"https:\/\/sv-eichenbarleben.de\/wp-content\/uploads\/2023\/08\/IMG_Begruessung-Gaeste-3-1024x683.jpg 1024w, https:\/\/sv-eichenbarleben.de\/wp-content\/uploads\/2023\/08\/IMG_Begruessung-Gaeste-3-300x200.jpg 300w, https:\/\/sv-eichenbarleben.de\/wp-content\/uploads\/2023\/08\/IMG_Begruessung-Gaeste-3-768x512.jpg 768w, https:\/\/sv-eichenbarleben.de\/wp-content\/uploads\/2023\/08\/IMG_Begruessung-Gaeste-3-1536x1024.jpg 1536w, https:\/\/sv-eichenbarleben.de\/wp-content\/uploads\/2023\/08\/IMG_Begruessung-Gaeste-3-2048x1365.jpg 2048w\" sizes=\"auto, (max-width: 525px) 100vw, 525px\" \/> <img loading=\"lazy\" decoding=\"async\" class=\"size-large wp-image-855 alignleft\" src=\"http:\/\/sv-eichenbarleben.de\/wp-content\/uploads\/2023\/08\/IMG_Begruessung-Gaeste-2-1024x683.jpg\" alt=\"\" width=\"525\" height=\"350\" srcset=\"https:\/\/sv-eichenbarleben.de\/wp-content\/uploads\/2023\/08\/IMG_Begruessung-Gaeste-2-1024x683.jpg 1024w, https:\/\/sv-eichenbarleben.de\/wp-content\/uploads\/2023\/08\/IMG_Begruessung-Gaeste-2-300x200.jpg 300w, https:\/\/sv-eichenbarleben.de\/wp-content\/uploads\/2023\/08\/IMG_Begruessung-Gaeste-2-768x512.jpg 768w, https:\/\/sv-eichenbarleben.de\/wp-content\/uploads\/2023\/08\/IMG_Begruessung-Gaeste-2-1536x1024.jpg 1536w, https:\/\/sv-eichenbarleben.de\/wp-content\/uploads\/2023\/08\/IMG_Begruessung-Gaeste-2-2048x1365.jpg 2048w\" sizes=\"auto, (max-width: 525px) 100vw, 525px\" \/> <img loading=\"lazy\" decoding=\"async\" class=\"size-large wp-image-854 alignleft\" src=\"http:\/\/sv-eichenbarleben.de\/wp-content\/uploads\/2023\/08\/IMG_Begruessung-Gaeste-1-1024x683.jpg\" alt=\"\" width=\"525\" height=\"350\" srcset=\"https:\/\/sv-eichenbarleben.de\/wp-content\/uploads\/2023\/08\/IMG_Begruessung-Gaeste-1-1024x683.jpg 1024w, https:\/\/sv-eichenbarleben.de\/wp-content\/uploads\/2023\/08\/IMG_Begruessung-Gaeste-1-300x200.jpg 300w, https:\/\/sv-eichenbarleben.de\/wp-content\/uploads\/2023\/08\/IMG_Begruessung-Gaeste-1-768x512.jpg 768w, https:\/\/sv-eichenbarleben.de\/wp-content\/uploads\/2023\/08\/IMG_Begruessung-Gaeste-1-1536x1024.jpg 1536w, https:\/\/sv-eichenbarleben.de\/wp-content\/uploads\/2023\/08\/IMG_Begruessung-Gaeste-1-2048x1365.jpg 2048w\" sizes=\"auto, (max-width: 525px) 100vw, 525px\" \/> <img loading=\"lazy\" decoding=\"async\" class=\"size-large wp-image-853 alignleft\" src=\"http:\/\/sv-eichenbarleben.de\/wp-content\/uploads\/2023\/08\/IMG_Baumspendeaktion-Jugend-2-1024x683.jpg\" alt=\"\" width=\"525\" height=\"350\" srcset=\"https:\/\/sv-eichenbarleben.de\/wp-content\/uploads\/2023\/08\/IMG_Baumspendeaktion-Jugend-2-1024x683.jpg 1024w, https:\/\/sv-eichenbarleben.de\/wp-content\/uploads\/2023\/08\/IMG_Baumspendeaktion-Jugend-2-300x200.jpg 300w, https:\/\/sv-eichenbarleben.de\/wp-content\/uploads\/2023\/08\/IMG_Baumspendeaktion-Jugend-2-768x512.jpg 768w, https:\/\/sv-eichenbarleben.de\/wp-content\/uploads\/2023\/08\/IMG_Baumspendeaktion-Jugend-2-1536x1024.jpg 1536w, https:\/\/sv-eichenbarleben.de\/wp-content\/uploads\/2023\/08\/IMG_Baumspendeaktion-Jugend-2-2048x1365.jpg 2048w\" sizes=\"auto, (max-width: 525px) 100vw, 525px\" \/> <img loading=\"lazy\" decoding=\"async\" class=\"size-large wp-image-852 alignleft\" src=\"http:\/\/sv-eichenbarleben.de\/wp-content\/uploads\/2023\/08\/IMG_Baumspendeaktion-Jugend-1-1024x683.jpg\" alt=\"\" width=\"525\" height=\"350\" srcset=\"https:\/\/sv-eichenbarleben.de\/wp-content\/uploads\/2023\/08\/IMG_Baumspendeaktion-Jugend-1-1024x683.jpg 1024w, https:\/\/sv-eichenbarleben.de\/wp-content\/uploads\/2023\/08\/IMG_Baumspendeaktion-Jugend-1-300x200.jpg 300w, https:\/\/sv-eichenbarleben.de\/wp-content\/uploads\/2023\/08\/IMG_Baumspendeaktion-Jugend-1-768x512.jpg 768w, https:\/\/sv-eichenbarleben.de\/wp-content\/uploads\/2023\/08\/IMG_Baumspendeaktion-Jugend-1-1536x1024.jpg 1536w, https:\/\/sv-eichenbarleben.de\/wp-content\/uploads\/2023\/08\/IMG_Baumspendeaktion-Jugend-1-2048x1365.jpg 2048w\" sizes=\"auto, (max-width: 525px) 100vw, 525px\" \/> <img loading=\"lazy\" decoding=\"async\" class=\"size-large wp-image-851 alignleft\" src=\"http:\/\/sv-eichenbarleben.de\/wp-content\/uploads\/2023\/08\/IMG_Auszeichnungen-5-1024x683.jpg\" alt=\"\" width=\"525\" height=\"350\" srcset=\"https:\/\/sv-eichenbarleben.de\/wp-content\/uploads\/2023\/08\/IMG_Auszeichnungen-5-1024x683.jpg 1024w, https:\/\/sv-eichenbarleben.de\/wp-content\/uploads\/2023\/08\/IMG_Auszeichnungen-5-300x200.jpg 300w, https:\/\/sv-eichenbarleben.de\/wp-content\/uploads\/2023\/08\/IMG_Auszeichnungen-5-768x512.jpg 768w, https:\/\/sv-eichenbarleben.de\/wp-content\/uploads\/2023\/08\/IMG_Auszeichnungen-5-1536x1024.jpg 1536w, https:\/\/sv-eichenbarleben.de\/wp-content\/uploads\/2023\/08\/IMG_Auszeichnungen-5-2048x1365.jpg 2048w\" sizes=\"auto, (max-width: 525px) 100vw, 525px\" \/> <\/a><a href=\"http:\/\/sv-eichenbarleben.de\/wp-content\/uploads\/2023\/05\/2023-Plakat_Schuetzenfest_final.pdf\" target=\"_blank\" rel=\"noopener\"><img loading=\"lazy\" decoding=\"async\" class=\"size-large wp-image-849 alignleft\" src=\"http:\/\/sv-eichenbarleben.de\/wp-content\/uploads\/2023\/08\/IMG_Auszeichnungen-3-1024x683.jpg\" alt=\"\" width=\"525\" height=\"350\" srcset=\"https:\/\/sv-eichenbarleben.de\/wp-content\/uploads\/2023\/08\/IMG_Auszeichnungen-3-1024x683.jpg 1024w, https:\/\/sv-eichenbarleben.de\/wp-content\/uploads\/2023\/08\/IMG_Auszeichnungen-3-300x200.jpg 300w, https:\/\/sv-eichenbarleben.de\/wp-content\/uploads\/2023\/08\/IMG_Auszeichnungen-3-768x512.jpg 768w, https:\/\/sv-eichenbarleben.de\/wp-content\/uploads\/2023\/08\/IMG_Auszeichnungen-3-1536x1024.jpg 1536w, https:\/\/sv-eichenbarleben.de\/wp-content\/uploads\/2023\/08\/IMG_Auszeichnungen-3-2048x1365.jpg 2048w\" sizes=\"auto, (max-width: 525px) 100vw, 525px\" \/><\/a><a href=\"http:\/\/sv-eichenbarleben.de\/wp-content\/uploads\/2023\/05\/2023-Plakat_Schuetzenfest_final.pdf\" target=\"_blank\" rel=\"noopener\"><img loading=\"lazy\" decoding=\"async\" class=\"wp-image-850 alignleft\" src=\"http:\/\/sv-eichenbarleben.de\/wp-content\/uploads\/2023\/08\/IMG_Auszeichnungen-4-683x1024.jpg\" alt=\"\" width=\"315\" height=\"472\" srcset=\"https:\/\/sv-eichenbarleben.de\/wp-content\/uploads\/2023\/08\/IMG_Auszeichnungen-4-683x1024.jpg 683w, https:\/\/sv-eichenbarleben.de\/wp-content\/uploads\/2023\/08\/IMG_Auszeichnungen-4-200x300.jpg 200w, https:\/\/sv-eichenbarleben.de\/wp-content\/uploads\/2023\/08\/IMG_Auszeichnungen-4-768x1152.jpg 768w, https:\/\/sv-eichenbarleben.de\/wp-content\/uploads\/2023\/08\/IMG_Auszeichnungen-4-1024x1536.jpg 1024w, https:\/\/sv-eichenbarleben.de\/wp-content\/uploads\/2023\/08\/IMG_Auszeichnungen-4-1365x2048.jpg 1365w, https:\/\/sv-eichenbarleben.de\/wp-content\/uploads\/2023\/08\/IMG_Auszeichnungen-4.jpg 1664w\" sizes=\"auto, (max-width: 315px) 100vw, 315px\" \/>\u00a0<\/a><\/p>\n<p><a href=\"http:\/\/sv-eichenbarleben.de\/wp-content\/uploads\/2023\/05\/2023-Plakat_Schuetzenfest_final.pdf\" target=\"_blank\" rel=\"noopener\"> <img loading=\"lazy\" decoding=\"async\" class=\"size-large wp-image-848 alignleft\" src=\"http:\/\/sv-eichenbarleben.de\/wp-content\/uploads\/2023\/08\/IMG_Auszeichnungen-2-1024x683.jpg\" alt=\"\" width=\"525\" height=\"350\" srcset=\"https:\/\/sv-eichenbarleben.de\/wp-content\/uploads\/2023\/08\/IMG_Auszeichnungen-2-1024x683.jpg 1024w, https:\/\/sv-eichenbarleben.de\/wp-content\/uploads\/2023\/08\/IMG_Auszeichnungen-2-300x200.jpg 300w, https:\/\/sv-eichenbarleben.de\/wp-content\/uploads\/2023\/08\/IMG_Auszeichnungen-2-768x512.jpg 768w, https:\/\/sv-eichenbarleben.de\/wp-content\/uploads\/2023\/08\/IMG_Auszeichnungen-2-1536x1024.jpg 1536w, https:\/\/sv-eichenbarleben.de\/wp-content\/uploads\/2023\/08\/IMG_Auszeichnungen-2-2048x1365.jpg 2048w\" sizes=\"auto, (max-width: 525px) 100vw, 525px\" \/> <img loading=\"lazy\" decoding=\"async\" class=\"size-large wp-image-847 alignleft\" src=\"http:\/\/sv-eichenbarleben.de\/wp-content\/uploads\/2023\/08\/IMG_Auszeichnungen-1-1024x683.jpg\" alt=\"\" width=\"525\" height=\"350\" srcset=\"https:\/\/sv-eichenbarleben.de\/wp-content\/uploads\/2023\/08\/IMG_Auszeichnungen-1-1024x683.jpg 1024w, https:\/\/sv-eichenbarleben.de\/wp-content\/uploads\/2023\/08\/IMG_Auszeichnungen-1-300x200.jpg 300w, https:\/\/sv-eichenbarleben.de\/wp-content\/uploads\/2023\/08\/IMG_Auszeichnungen-1-768x512.jpg 768w, https:\/\/sv-eichenbarleben.de\/wp-content\/uploads\/2023\/08\/IMG_Auszeichnungen-1-1536x1024.jpg 1536w, https:\/\/sv-eichenbarleben.de\/wp-content\/uploads\/2023\/08\/IMG_Auszeichnungen-1-2048x1365.jpg 2048w\" sizes=\"auto, (max-width: 525px) 100vw, 525px\" \/> <img loading=\"lazy\" decoding=\"async\" class=\"alignnone size-large wp-image-845\" src=\"http:\/\/sv-eichenbarleben.de\/wp-content\/uploads\/2023\/08\/20230715_SF-2023_Harry-19-1024x768.jpg\" alt=\"\" width=\"525\" height=\"394\" srcset=\"https:\/\/sv-eichenbarleben.de\/wp-content\/uploads\/2023\/08\/20230715_SF-2023_Harry-19-1024x768.jpg 1024w, https:\/\/sv-eichenbarleben.de\/wp-content\/uploads\/2023\/08\/20230715_SF-2023_Harry-19-300x225.jpg 300w, https:\/\/sv-eichenbarleben.de\/wp-content\/uploads\/2023\/08\/20230715_SF-2023_Harry-19-768x576.jpg 768w, https:\/\/sv-eichenbarleben.de\/wp-content\/uploads\/2023\/08\/20230715_SF-2023_Harry-19-1536x1152.jpg 1536w, https:\/\/sv-eichenbarleben.de\/wp-content\/uploads\/2023\/08\/20230715_SF-2023_Harry-19.jpg 1600w\" sizes=\"auto, (max-width: 525px) 100vw, 525px\" \/> <img loading=\"lazy\" decoding=\"async\" class=\"wp-image-844 alignleft\" src=\"http:\/\/sv-eichenbarleben.de\/wp-content\/uploads\/2023\/08\/20230715_SF-2023_Harry-16-768x1024.jpg\" alt=\"\" width=\"371\" height=\"495\" srcset=\"https:\/\/sv-eichenbarleben.de\/wp-content\/uploads\/2023\/08\/20230715_SF-2023_Harry-16-768x1024.jpg 768w, https:\/\/sv-eichenbarleben.de\/wp-content\/uploads\/2023\/08\/20230715_SF-2023_Harry-16-225x300.jpg 225w, https:\/\/sv-eichenbarleben.de\/wp-content\/uploads\/2023\/08\/20230715_SF-2023_Harry-16-1152x1536.jpg 1152w, https:\/\/sv-eichenbarleben.de\/wp-content\/uploads\/2023\/08\/20230715_SF-2023_Harry-16.jpg 1200w\" sizes=\"auto, (max-width: 371px) 100vw, 371px\" \/> <img loading=\"lazy\" decoding=\"async\" class=\"details-image alignleft\" draggable=\"false\" src=\"http:\/\/sv-eichenbarleben.de\/wp-content\/uploads\/2023\/05\/2023-Plakat_Schuetzenfest_final-pdf.jpg\" alt=\"\" width=\"201\" height=\"284\" \/><\/a><\/p>\n","protected":false},"excerpt":{"rendered":"<p>Wir gratulieren unseren Majest\u00e4ten 2023 Sch\u00fctzenk\u00f6nigin Erdmute Kipper und Sch\u00fctzenk\u00f6nig Reiner Barth, den Damen Elisa Kipper und Susann Ullrich, den Rittern Detlef Tafelski und Mario Sauer, der Jugendk\u00f6nigin Amy Walter und dem Jugendk\u00f6nig Luis Heiduk sowie unserem Kinderk\u00f6nigspaar Frieda Lenkeit und Philipp Brink &nbsp; &nbsp; \u00a0<\/p>\n","protected":false},"author":4,"featured_media":0,"parent":0,"menu_order":0,"comment_status":"closed","ping_status":"closed","template":"","meta":{"footnotes":""},"class_list":["post-748","page","type-page","status-publish","hentry"],"_links":{"self":[{"href":"https:\/\/sv-eichenbarleben.de\/index.php?rest_route=\/wp\/v2\/pages\/748","targetHints":{"allow":["GET"]}}],"collection":[{"href":"https:\/\/sv-eichenbarleben.de\/index.php?rest_route=\/wp\/v2\/pages"}],"about":[{"href":"https:\/\/sv-eichenbarleben.de\/index.php?rest_route=\/wp\/v2\/types\/page"}],"author":[{"embeddable":true,"href":"https:\/\/sv-eichenbarleben.de\/index.php?rest_route=\/wp\/v2\/users\/4"}],"replies":[{"embeddable":true,"href":"https:\/\/sv-eichenbarleben.de\/index.php?rest_route=%2Fwp%2Fv2%2Fcomments&post=748"}],"version-history":[{"count":9,"href":"https:\/\/sv-eichenbarleben.de\/index.php?rest_route=\/wp\/v2\/pages\/748\/revisions"}],"predecessor-version":[{"id":920,"href":"https:\/\/sv-eichenbarleben.de\/index.php?rest_route=\/wp\/v2\/pages\/748\/revisions\/920"}],"wp:attachment":[{"href":"https:\/\/sv-eichenbarleben.de\/index.php?rest_route=%2Fwp%2Fv2%2Fmedia&parent=748"}],"curies":[{"name":"wp","href":"https:\/\/api.w.org\/{rel}","templated":true}]}}