{"id":730,"date":"2023-04-18T09:29:15","date_gmt":"2023-04-18T07:29:15","guid":{"rendered":"https:\/\/sv-eichenbarleben.de\/?page_id=730"},"modified":"2023-05-03T12:41:48","modified_gmt":"2023-05-03T10:41:48","slug":"besuch-der-guest-marienborn","status":"publish","type":"page","link":"https:\/\/sv-eichenbarleben.de\/?page_id=730","title":{"rendered":"Besuch der G\u00fcSt Marienborn"},"content":{"rendered":"<p>&nbsp;<\/p>\n<p>Am 25.03.2023 besuchte unsere Sch\u00fctzenjugend die Grenz\u00fcbergangsstelle<br \/>\nMarienborn.\u00a0 Auf dem gef\u00fchrten Rundgang erhielten wir Informationen, Daten und Fakten \u00fcber die Deutsche Teilung und den ehemaligen Grenz\u00fcbergang. Die beeindruckende F\u00fchrung auf dem Au\u00dfengel\u00e4nde und die Ausstellung mit vielen Exponaten sowie original erhaltenen R\u00e4umen war sehr interessant und bewegend zugleich.<\/p>\n<div id='gallery-1' class='gallery galleryid-730 gallery-columns-3 gallery-size-thumbnail'><figure class='gallery-item'>\n\t\t\t<div class='gallery-icon portrait'>\n\t\t\t\t<a href='https:\/\/sv-eichenbarleben.de\/?attachment_id=714'><img loading=\"lazy\" decoding=\"async\" width=\"150\" height=\"150\" src=\"https:\/\/sv-eichenbarleben.de\/wp-content\/uploads\/2023\/03\/2640E566-0EFB-4C05-8880-1C050AD31CF1-150x150.jpeg\" class=\"attachment-thumbnail size-thumbnail\" alt=\"\" aria-describedby=\"gallery-1-714\" srcset=\"https:\/\/sv-eichenbarleben.de\/wp-content\/uploads\/2023\/03\/2640E566-0EFB-4C05-8880-1C050AD31CF1-150x150.jpeg 150w, https:\/\/sv-eichenbarleben.de\/wp-content\/uploads\/2023\/03\/2640E566-0EFB-4C05-8880-1C050AD31CF1-100x100.jpeg 100w\" sizes=\"auto, 100vw\" \/><\/a>\n\t\t\t<\/div>\n\t\t\t\t<figcaption class='wp-caption-text gallery-caption' id='gallery-1-714'>\n\t\t\t\tWechselstelle  (c) sve\n\t\t\t\t<\/figcaption><\/figure><figure class='gallery-item'>\n\t\t\t<div class='gallery-icon portrait'>\n\t\t\t\t<a href='https:\/\/sv-eichenbarleben.de\/?attachment_id=713'><img loading=\"lazy\" decoding=\"async\" width=\"150\" height=\"150\" src=\"https:\/\/sv-eichenbarleben.de\/wp-content\/uploads\/2023\/03\/B83B8568-A8EF-41C5-BC9B-205B157E5DB2-150x150.jpeg\" class=\"attachment-thumbnail size-thumbnail\" alt=\"\" aria-describedby=\"gallery-1-713\" srcset=\"https:\/\/sv-eichenbarleben.de\/wp-content\/uploads\/2023\/03\/B83B8568-A8EF-41C5-BC9B-205B157E5DB2-150x150.jpeg 150w, https:\/\/sv-eichenbarleben.de\/wp-content\/uploads\/2023\/03\/B83B8568-A8EF-41C5-BC9B-205B157E5DB2-100x100.jpeg 100w\" sizes=\"auto, 100vw\" \/><\/a>\n\t\t\t<\/div>\n\t\t\t\t<figcaption class='wp-caption-text gallery-caption' id='gallery-1-713'>\n\t\t\t\tWechselstelle    (c) sve\n\t\t\t\t<\/figcaption><\/figure><figure class='gallery-item'>\n\t\t\t<div class='gallery-icon landscape'>\n\t\t\t\t<a href='https:\/\/sv-eichenbarleben.de\/?attachment_id=707'><img loading=\"lazy\" decoding=\"async\" width=\"150\" height=\"150\" src=\"https:\/\/sv-eichenbarleben.de\/wp-content\/uploads\/2023\/03\/60E309DB-ED26-4A1A-BEB9-DC4224DB0FD4-150x150.jpeg\" class=\"attachment-thumbnail size-thumbnail\" alt=\"\" aria-describedby=\"gallery-1-707\" srcset=\"https:\/\/sv-eichenbarleben.de\/wp-content\/uploads\/2023\/03\/60E309DB-ED26-4A1A-BEB9-DC4224DB0FD4-150x150.jpeg 150w, https:\/\/sv-eichenbarleben.de\/wp-content\/uploads\/2023\/03\/60E309DB-ED26-4A1A-BEB9-DC4224DB0FD4-100x100.jpeg 100w\" sizes=\"auto, 100vw\" \/><\/a>\n\t\t\t<\/div>\n\t\t\t\t<figcaption class='wp-caption-text gallery-caption' id='gallery-1-707'>\n\t\t\t\tPassf\u00f6rderband  (c) sve\n\t\t\t\t<\/figcaption><\/figure><figure class='gallery-item'>\n\t\t\t<div class='gallery-icon landscape'>\n\t\t\t\t<a href='https:\/\/sv-eichenbarleben.de\/?attachment_id=708'><img loading=\"lazy\" decoding=\"async\" width=\"150\" height=\"150\" src=\"https:\/\/sv-eichenbarleben.de\/wp-content\/uploads\/2023\/03\/CDA54DE6-C5AA-4FAA-8CFD-F4F13CDAD1E7-150x150.jpeg\" class=\"attachment-thumbnail size-thumbnail\" alt=\"\" aria-describedby=\"gallery-1-708\" srcset=\"https:\/\/sv-eichenbarleben.de\/wp-content\/uploads\/2023\/03\/CDA54DE6-C5AA-4FAA-8CFD-F4F13CDAD1E7-150x150.jpeg 150w, https:\/\/sv-eichenbarleben.de\/wp-content\/uploads\/2023\/03\/CDA54DE6-C5AA-4FAA-8CFD-F4F13CDAD1E7-100x100.jpeg 100w\" sizes=\"auto, 100vw\" \/><\/a>\n\t\t\t<\/div>\n\t\t\t\t<figcaption class='wp-caption-text gallery-caption' id='gallery-1-708'>\n\t\t\t\tPasskontrolle    (c) sve\n\t\t\t\t<\/figcaption><\/figure><figure class='gallery-item'>\n\t\t\t<div class='gallery-icon landscape'>\n\t\t\t\t<a href='https:\/\/sv-eichenbarleben.de\/?attachment_id=706'><img loading=\"lazy\" decoding=\"async\" width=\"150\" height=\"150\" src=\"https:\/\/sv-eichenbarleben.de\/wp-content\/uploads\/2023\/03\/5CF34B06-981D-4A35-988E-7EB9BCF3C5CE-150x150.jpeg\" class=\"attachment-thumbnail size-thumbnail\" alt=\"\" aria-describedby=\"gallery-1-706\" srcset=\"https:\/\/sv-eichenbarleben.de\/wp-content\/uploads\/2023\/03\/5CF34B06-981D-4A35-988E-7EB9BCF3C5CE-150x150.jpeg 150w, https:\/\/sv-eichenbarleben.de\/wp-content\/uploads\/2023\/03\/5CF34B06-981D-4A35-988E-7EB9BCF3C5CE-100x100.jpeg 100w\" sizes=\"auto, 100vw\" \/><\/a>\n\t\t\t<\/div>\n\t\t\t\t<figcaption class='wp-caption-text gallery-caption' id='gallery-1-706'>\n\t\t\t\tZollkontrolle  (c) sve\n\t\t\t\t<\/figcaption><\/figure><figure class='gallery-item'>\n\t\t\t<div class='gallery-icon portrait'>\n\t\t\t\t<a href='https:\/\/sv-eichenbarleben.de\/?attachment_id=705'><img loading=\"lazy\" decoding=\"async\" width=\"150\" height=\"150\" src=\"https:\/\/sv-eichenbarleben.de\/wp-content\/uploads\/2023\/03\/78786EB1-312D-437D-87A9-B0E95B4FDEC7-150x150.jpeg\" class=\"attachment-thumbnail size-thumbnail\" alt=\"\" aria-describedby=\"gallery-1-705\" srcset=\"https:\/\/sv-eichenbarleben.de\/wp-content\/uploads\/2023\/03\/78786EB1-312D-437D-87A9-B0E95B4FDEC7-150x150.jpeg 150w, https:\/\/sv-eichenbarleben.de\/wp-content\/uploads\/2023\/03\/78786EB1-312D-437D-87A9-B0E95B4FDEC7-100x100.jpeg 100w\" sizes=\"auto, 100vw\" \/><\/a>\n\t\t\t<\/div>\n\t\t\t\t<figcaption class='wp-caption-text gallery-caption' id='gallery-1-705'>\n\t\t\t\tUnterirdisches Tunnelsystem  (c) sve\n\t\t\t\t<\/figcaption><\/figure><figure class='gallery-item'>\n\t\t\t<div class='gallery-icon portrait'>\n\t\t\t\t<a href='https:\/\/sv-eichenbarleben.de\/?attachment_id=704'><img loading=\"lazy\" decoding=\"async\" width=\"150\" height=\"150\" src=\"https:\/\/sv-eichenbarleben.de\/wp-content\/uploads\/2023\/03\/4D36819B-9844-435F-ACC1-46CD5A6B4729-150x150.jpeg\" class=\"attachment-thumbnail size-thumbnail\" alt=\"\" aria-describedby=\"gallery-1-704\" srcset=\"https:\/\/sv-eichenbarleben.de\/wp-content\/uploads\/2023\/03\/4D36819B-9844-435F-ACC1-46CD5A6B4729-150x150.jpeg 150w, https:\/\/sv-eichenbarleben.de\/wp-content\/uploads\/2023\/03\/4D36819B-9844-435F-ACC1-46CD5A6B4729-100x100.jpeg 100w\" sizes=\"auto, 100vw\" \/><\/a>\n\t\t\t<\/div>\n\t\t\t\t<figcaption class='wp-caption-text gallery-caption' id='gallery-1-704'>\n\t\t\t\tUnterirdisches Tunnelsystem  (c) sve\n\t\t\t\t<\/figcaption><\/figure><figure class='gallery-item'>\n\t\t\t<div class='gallery-icon landscape'>\n\t\t\t\t<a href='https:\/\/sv-eichenbarleben.de\/?attachment_id=702'><img loading=\"lazy\" decoding=\"async\" width=\"150\" height=\"150\" src=\"https:\/\/sv-eichenbarleben.de\/wp-content\/uploads\/2023\/03\/A08036FA-CEB3-40FC-A629-F58365C57A80-150x150.jpeg\" class=\"attachment-thumbnail size-thumbnail\" alt=\"\" aria-describedby=\"gallery-1-702\" srcset=\"https:\/\/sv-eichenbarleben.de\/wp-content\/uploads\/2023\/03\/A08036FA-CEB3-40FC-A629-F58365C57A80-150x150.jpeg 150w, https:\/\/sv-eichenbarleben.de\/wp-content\/uploads\/2023\/03\/A08036FA-CEB3-40FC-A629-F58365C57A80-100x100.jpeg 100w\" sizes=\"auto, 100vw\" \/><\/a>\n\t\t\t<\/div>\n\t\t\t\t<figcaption class='wp-caption-text gallery-caption' id='gallery-1-702'>\n\t\t\t\tRollsperre (Fiffi) (c) sve\n\t\t\t\t<\/figcaption><\/figure><figure class='gallery-item'>\n\t\t\t<div class='gallery-icon landscape'>\n\t\t\t\t<a href='https:\/\/sv-eichenbarleben.de\/?attachment_id=703'><img loading=\"lazy\" decoding=\"async\" width=\"150\" height=\"150\" src=\"https:\/\/sv-eichenbarleben.de\/wp-content\/uploads\/2023\/03\/5449BBB3-542A-46C4-8FAC-38979BDC7237-150x150.jpeg\" class=\"attachment-thumbnail size-thumbnail\" alt=\"\" aria-describedby=\"gallery-1-703\" srcset=\"https:\/\/sv-eichenbarleben.de\/wp-content\/uploads\/2023\/03\/5449BBB3-542A-46C4-8FAC-38979BDC7237-150x150.jpeg 150w, https:\/\/sv-eichenbarleben.de\/wp-content\/uploads\/2023\/03\/5449BBB3-542A-46C4-8FAC-38979BDC7237-100x100.jpeg 100w\" sizes=\"auto, 100vw\" \/><\/a>\n\t\t\t<\/div>\n\t\t\t\t<figcaption class='wp-caption-text gallery-caption' id='gallery-1-703'>\n\t\t\t\tKommandantenturm (c) sve\n\t\t\t\t<\/figcaption><\/figure><figure class='gallery-item'>\n\t\t\t<div class='gallery-icon landscape'>\n\t\t\t\t<a href='https:\/\/sv-eichenbarleben.de\/?attachment_id=709'><img loading=\"lazy\" decoding=\"async\" width=\"150\" height=\"150\" src=\"https:\/\/sv-eichenbarleben.de\/wp-content\/uploads\/2023\/03\/1B39523C-1790-4DAE-B4EE-EB2C71C2B046-150x150.jpeg\" class=\"attachment-thumbnail size-thumbnail\" alt=\"\" aria-describedby=\"gallery-1-709\" srcset=\"https:\/\/sv-eichenbarleben.de\/wp-content\/uploads\/2023\/03\/1B39523C-1790-4DAE-B4EE-EB2C71C2B046-150x150.jpeg 150w, https:\/\/sv-eichenbarleben.de\/wp-content\/uploads\/2023\/03\/1B39523C-1790-4DAE-B4EE-EB2C71C2B046-100x100.jpeg 100w\" sizes=\"auto, 100vw\" \/><\/a>\n\t\t\t<\/div>\n\t\t\t\t<figcaption class='wp-caption-text gallery-caption' id='gallery-1-709'>\n\t\t\t\tSicht vom Kommandantenturm (c) sve\n\t\t\t\t<\/figcaption><\/figure><figure class='gallery-item'>\n\t\t\t<div class='gallery-icon portrait'>\n\t\t\t\t<a href='https:\/\/sv-eichenbarleben.de\/?attachment_id=711'><img loading=\"lazy\" decoding=\"async\" width=\"150\" height=\"150\" src=\"https:\/\/sv-eichenbarleben.de\/wp-content\/uploads\/2023\/03\/0DCDAD54-1C9D-4F36-97C0-E3FB685E352B-150x150.jpeg\" class=\"attachment-thumbnail size-thumbnail\" alt=\"\" aria-describedby=\"gallery-1-711\" srcset=\"https:\/\/sv-eichenbarleben.de\/wp-content\/uploads\/2023\/03\/0DCDAD54-1C9D-4F36-97C0-E3FB685E352B-150x150.jpeg 150w, https:\/\/sv-eichenbarleben.de\/wp-content\/uploads\/2023\/03\/0DCDAD54-1C9D-4F36-97C0-E3FB685E352B-100x100.jpeg 100w\" sizes=\"auto, 100vw\" \/><\/a>\n\t\t\t<\/div>\n\t\t\t\t<figcaption class='wp-caption-text gallery-caption' id='gallery-1-711'>\n\t\t\t\tSicht vom Kommandantenturm (c) sve\n\t\t\t\t<\/figcaption><\/figure><figure class='gallery-item'>\n\t\t\t<div class='gallery-icon landscape'>\n\t\t\t\t<a href='https:\/\/sv-eichenbarleben.de\/?attachment_id=712'><img loading=\"lazy\" decoding=\"async\" width=\"150\" height=\"150\" src=\"https:\/\/sv-eichenbarleben.de\/wp-content\/uploads\/2023\/03\/34600AD7-64D3-4B74-8B60-3A53A6DC1DA5-150x150.jpeg\" class=\"attachment-thumbnail size-thumbnail\" alt=\"\" aria-describedby=\"gallery-1-712\" srcset=\"https:\/\/sv-eichenbarleben.de\/wp-content\/uploads\/2023\/03\/34600AD7-64D3-4B74-8B60-3A53A6DC1DA5-150x150.jpeg 150w, https:\/\/sv-eichenbarleben.de\/wp-content\/uploads\/2023\/03\/34600AD7-64D3-4B74-8B60-3A53A6DC1DA5-100x100.jpeg 100w\" sizes=\"auto, 100vw\" \/><\/a>\n\t\t\t<\/div>\n\t\t\t\t<figcaption class='wp-caption-text gallery-caption' id='gallery-1-712'>\n\t\t\t\tSicht vom Kommandantenturm (c) sve\n\t\t\t\t<\/figcaption><\/figure>\n\t\t<\/div>\n\n<p>&nbsp;<\/p>\n","protected":false},"excerpt":{"rendered":"<p>&nbsp; Am 25.03.2023 besuchte unsere Sch\u00fctzenjugend die Grenz\u00fcbergangsstelle Marienborn.\u00a0 Auf dem gef\u00fchrten Rundgang erhielten wir Informationen, Daten und Fakten \u00fcber die Deutsche Teilung und den ehemaligen Grenz\u00fcbergang. Die beeindruckende F\u00fchrung auf dem Au\u00dfengel\u00e4nde und die Ausstellung mit vielen Exponaten sowie original erhaltenen R\u00e4umen war sehr interessant und bewegend zugleich. &nbsp;<\/p>\n","protected":false},"author":4,"featured_media":0,"parent":0,"menu_order":0,"comment_status":"closed","ping_status":"closed","template":"","meta":{"footnotes":""},"class_list":["post-730","page","type-page","status-publish","hentry"],"_links":{"self":[{"href":"https:\/\/sv-eichenbarleben.de\/index.php?rest_route=\/wp\/v2\/pages\/730","targetHints":{"allow":["GET"]}}],"collection":[{"href":"https:\/\/sv-eichenbarleben.de\/index.php?rest_route=\/wp\/v2\/pages"}],"about":[{"href":"https:\/\/sv-eichenbarleben.de\/index.php?rest_route=\/wp\/v2\/types\/page"}],"author":[{"embeddable":true,"href":"https:\/\/sv-eichenbarleben.de\/index.php?rest_route=\/wp\/v2\/users\/4"}],"replies":[{"embeddable":true,"href":"https:\/\/sv-eichenbarleben.de\/index.php?rest_route=%2Fwp%2Fv2%2Fcomments&post=730"}],"version-history":[{"count":2,"href":"https:\/\/sv-eichenbarleben.de\/index.php?rest_route=\/wp\/v2\/pages\/730\/revisions"}],"predecessor-version":[{"id":735,"href":"https:\/\/sv-eichenbarleben.de\/index.php?rest_route=\/wp\/v2\/pages\/730\/revisions\/735"}],"wp:attachment":[{"href":"https:\/\/sv-eichenbarleben.de\/index.php?rest_route=%2Fwp%2Fv2%2Fmedia&parent=730"}],"curies":[{"name":"wp","href":"https:\/\/api.w.org\/{rel}","templated":true}]}}