{"id":63,"date":"2020-02-01T14:11:22","date_gmt":"2020-02-01T14:11:22","guid":{"rendered":"http:\/\/sv-eichenbarleben.de\/?page_id=63"},"modified":"2026-03-30T10:30:28","modified_gmt":"2026-03-30T08:30:28","slug":"startseite-2","status":"publish","type":"page","link":"https:\/\/sv-eichenbarleben.de\/","title":{"rendered":"Aktuelles"},"content":{"rendered":"<hr \/>\r\n<p style=\"padding-left: 40px;\">Herzlich willkommen auf der Website des <br \/>Sch\u00fctzenverein Eichenbarleben von 1994 e.V<\/p>\r\n<hr \/>\r\n<p><a href=\"https:\/\/sv-eichenbarleben.de\/wp-content\/uploads\/2026\/03\/2026-Wettkampfplan-SVE.pdf\">2026 Wettkampfplan SVE<\/a><\/p>\r\n<hr \/>\r\n<p>30.03.2026<\/p>\r\n<p><span style=\"color: #ff0000;\">Achtung!<\/span><\/p>\r\n<p style=\"text-align: center;\"><span style=\"color: #ff0000;\"><em>Von Freitag, 03.04.2026 bis einschlie\u00dflich Dienstag, 07.04.2026 bleibt der Sch\u00fctzenplatz geschlossen!<\/em><\/span><\/p>\r\n<p><img loading=\"lazy\" decoding=\"async\" class=\"wp-image-1175 aligncenter\" src=\"https:\/\/sv-eichenbarleben.de\/wp-content\/uploads\/2026\/03\/ostern-300x187.jpg\" alt=\"\" width=\"363\" height=\"226\" srcset=\"https:\/\/sv-eichenbarleben.de\/wp-content\/uploads\/2026\/03\/ostern-300x187.jpg 300w, https:\/\/sv-eichenbarleben.de\/wp-content\/uploads\/2026\/03\/ostern-1024x640.jpg 1024w, https:\/\/sv-eichenbarleben.de\/wp-content\/uploads\/2026\/03\/ostern-768x480.jpg 768w, https:\/\/sv-eichenbarleben.de\/wp-content\/uploads\/2026\/03\/ostern-1536x960.jpg 1536w, https:\/\/sv-eichenbarleben.de\/wp-content\/uploads\/2026\/03\/ostern.jpg 1693w\" sizes=\"auto, (max-width: 363px) 100vw, 363px\" \/><\/p>\r\n<h6 style=\"text-align: center;\">Wir w\u00fcnschen frohe Ostern und erholsame Feiertage!<\/h6>\r\n<hr \/>\r\n<p><span style=\"color: #ff0000;\">Achtung: Am 11.04.2026 bleibt der Sch\u00fctzenplatz geschlossen!<\/span><\/p>\r\n<hr \/>\r\n<p>16.03.2026<\/p>\r\n<p class=\"isSelectedEnd\">Am 14.03.2026 fand auf der Masche in Haldensleben der 33. Kreissch\u00fctzentag statt. Traditionell wurde die Veranstaltung durch die Kreisb\u00f6llerbatterie feierlich er\u00f6ffnet. Zahlreiche Sch\u00fctzenschwestern und Sch\u00fctzenbr\u00fcder nahmen an diesem besonderen Tag teil.<\/p>\r\n<p class=\"isSelectedEnd\">Der abschlie\u00dfende H\u00f6hepunkt war die feierliche Proklamation der neuen Kreismajest\u00e4ten.<\/p>\r\n<p class=\"isSelectedEnd\">Unser Verein wurde beim Kreisk\u00f6nigsschie\u00dfen durch unseren amtierenden Sch\u00fctzenk\u00f6nig J\u00fcrgen Sch\u00e4fer sowie durch die Jugend mit Lina Putzmann und Matti Schmidt vertreten.<\/p>\r\n<p class=\"isSelectedEnd\">Wir gratulieren ganz herzlich unserer neuen <strong>Kreisjugendk\u00f6nigin Lina Putzmann<\/strong> zu diesem gro\u00dfartigen Erfolg!<\/p>\r\n<p class=\"isSelectedEnd\">Ebenso gratulieren wir Matti zu seinem hervorragenden <strong>3. Platz<\/strong> sowie J\u00fcrgen zu einem starken <strong>4. Platz<\/strong>.<\/p>\r\n<p>Wir sind stolz auf euch und freuen uns \u00fcber diese tollen Ergebnisse!<\/p>\r\n<p><img loading=\"lazy\" decoding=\"async\" class=\"size-medium wp-image-1167 aligncenter\" src=\"https:\/\/sv-eichenbarleben.de\/wp-content\/uploads\/2026\/03\/SVE_5-300x169.jpg\" alt=\"\" width=\"300\" height=\"169\" srcset=\"https:\/\/sv-eichenbarleben.de\/wp-content\/uploads\/2026\/03\/SVE_5-300x169.jpg 300w, https:\/\/sv-eichenbarleben.de\/wp-content\/uploads\/2026\/03\/SVE_5-1024x576.jpg 1024w, https:\/\/sv-eichenbarleben.de\/wp-content\/uploads\/2026\/03\/SVE_5-768x432.jpg 768w, https:\/\/sv-eichenbarleben.de\/wp-content\/uploads\/2026\/03\/SVE_5.jpg 1334w\" sizes=\"auto, (max-width: 300px) 100vw, 300px\" \/><\/p>\r\n<p><img loading=\"lazy\" decoding=\"async\" class=\"alignnone size-medium wp-image-1166\" src=\"https:\/\/sv-eichenbarleben.de\/wp-content\/uploads\/2026\/03\/SVE_4-165x300.jpg\" alt=\"\" width=\"165\" height=\"300\" srcset=\"https:\/\/sv-eichenbarleben.de\/wp-content\/uploads\/2026\/03\/SVE_4-165x300.jpg 165w, https:\/\/sv-eichenbarleben.de\/wp-content\/uploads\/2026\/03\/SVE_4-564x1024.jpg 564w, https:\/\/sv-eichenbarleben.de\/wp-content\/uploads\/2026\/03\/SVE_4-768x1394.jpg 768w, https:\/\/sv-eichenbarleben.de\/wp-content\/uploads\/2026\/03\/SVE_4-846x1536.jpg 846w, https:\/\/sv-eichenbarleben.de\/wp-content\/uploads\/2026\/03\/SVE_4.jpg 985w\" sizes=\"auto, (max-width: 165px) 100vw, 165px\" \/>\u00a0<img loading=\"lazy\" decoding=\"async\" class=\"alignnone size-medium wp-image-1168\" src=\"https:\/\/sv-eichenbarleben.de\/wp-content\/uploads\/2026\/03\/SVE_6-183x300.jpg\" alt=\"\" width=\"183\" height=\"300\" srcset=\"https:\/\/sv-eichenbarleben.de\/wp-content\/uploads\/2026\/03\/SVE_6-183x300.jpg 183w, https:\/\/sv-eichenbarleben.de\/wp-content\/uploads\/2026\/03\/SVE_6.jpg 390w\" sizes=\"auto, (max-width: 183px) 100vw, 183px\" \/>\u00a0<img loading=\"lazy\" decoding=\"async\" class=\"alignnone size-medium wp-image-1165\" src=\"https:\/\/sv-eichenbarleben.de\/wp-content\/uploads\/2026\/03\/SVE_3-160x300.jpg\" alt=\"\" width=\"160\" height=\"300\" srcset=\"https:\/\/sv-eichenbarleben.de\/wp-content\/uploads\/2026\/03\/SVE_3-160x300.jpg 160w, https:\/\/sv-eichenbarleben.de\/wp-content\/uploads\/2026\/03\/SVE_3-546x1024.jpg 546w, https:\/\/sv-eichenbarleben.de\/wp-content\/uploads\/2026\/03\/SVE_3-768x1440.jpg 768w, https:\/\/sv-eichenbarleben.de\/wp-content\/uploads\/2026\/03\/SVE_3-819x1536.jpg 819w, https:\/\/sv-eichenbarleben.de\/wp-content\/uploads\/2026\/03\/SVE_3.jpg 1092w\" sizes=\"auto, (max-width: 160px) 100vw, 160px\" \/><\/p>\r\n<p><img loading=\"lazy\" decoding=\"async\" class=\"size-medium wp-image-1164 aligncenter\" src=\"https:\/\/sv-eichenbarleben.de\/wp-content\/uploads\/2026\/03\/SVE_2-300x169.jpg\" alt=\"\" width=\"300\" height=\"169\" srcset=\"https:\/\/sv-eichenbarleben.de\/wp-content\/uploads\/2026\/03\/SVE_2-300x169.jpg 300w, https:\/\/sv-eichenbarleben.de\/wp-content\/uploads\/2026\/03\/SVE_2-1024x577.jpg 1024w, https:\/\/sv-eichenbarleben.de\/wp-content\/uploads\/2026\/03\/SVE_2-768x432.jpg 768w, https:\/\/sv-eichenbarleben.de\/wp-content\/uploads\/2026\/03\/SVE_2-1536x865.jpg 1536w, https:\/\/sv-eichenbarleben.de\/wp-content\/uploads\/2026\/03\/SVE_2.jpg 2000w\" sizes=\"auto, (max-width: 300px) 100vw, 300px\" \/><br \/><img loading=\"lazy\" decoding=\"async\" class=\"size-medium wp-image-1169 aligncenter\" src=\"https:\/\/sv-eichenbarleben.de\/wp-content\/uploads\/2026\/03\/SVE_7-300x169.jpg\" alt=\"\" width=\"300\" height=\"169\" srcset=\"https:\/\/sv-eichenbarleben.de\/wp-content\/uploads\/2026\/03\/SVE_7-300x169.jpg 300w, https:\/\/sv-eichenbarleben.de\/wp-content\/uploads\/2026\/03\/SVE_7-1024x577.jpg 1024w, https:\/\/sv-eichenbarleben.de\/wp-content\/uploads\/2026\/03\/SVE_7-768x432.jpg 768w, https:\/\/sv-eichenbarleben.de\/wp-content\/uploads\/2026\/03\/SVE_7-1536x865.jpg 1536w, https:\/\/sv-eichenbarleben.de\/wp-content\/uploads\/2026\/03\/SVE_7.jpg 2000w\" sizes=\"auto, (max-width: 300px) 100vw, 300px\" \/><\/p>\r\n<hr \/>\r\n<p>25.02.2026<\/p>\r\n<p data-start=\"0\" data-end=\"218\">Am 21. und 22.02.2026 fanden in <span class=\"hover:entity-accent entity-underline inline cursor-pointer align-baseline\"><span class=\"whitespace-normal\">Halberstadt<\/span><\/span> die Landesmeisterschaften in den Luftdruckdisziplinen statt. Unser Verein war mit insgesamt zehn Wettk\u00e4mpfern vertreten \u2013 darunter acht Jugendliche.<\/p>\r\n<p data-start=\"220\" data-end=\"366\">Die Konkurrenz in allen Disziplinen war stark und verlangte den Teilnehmern ihr ganzes K\u00f6nnen ab. Umso erfreulicher sind die erzielten Ergebnisse:<\/p>\r\n<p data-start=\"368\" data-end=\"722\">Eine Goldmedaille sicherte sich <strong data-start=\"400\" data-end=\"416\">Marina Bliss<\/strong> in der Disziplin Luftgewehr (LG).<br data-start=\"450\" data-end=\"453\" \/>Zwei Bronzemedaillen gingen an <strong data-start=\"484\" data-end=\"501\" data-is-only-node=\"\">Lina Putzmann<\/strong> in der Disziplin Luftpistole (LP) sowie an <strong data-start=\"545\" data-end=\"562\">Carl Dornheim<\/strong> im Luftgewehr (LG).<br data-start=\"582\" data-end=\"585\" \/>Knapp am Podest vorbei erreichten <strong data-start=\"619\" data-end=\"641\">Anna-Lena Weilbeer<\/strong> (LG) und <strong data-start=\"651\" data-end=\"670\">Werner Schl\u00e4ger<\/strong> (LG Auflage) jeweils einen hervorragenden 4. Platz.<\/p>\r\n<p data-start=\"724\" data-end=\"911\" data-is-last-node=\"\" data-is-only-node=\"\">Allen Platzierten sowie allen weiteren Teilnehmerinnen und Teilnehmern gratulieren wir herzlich zu ihren starken Leistungen und ihrem engagierten Einsatz bei diesen Landesmeisterschaften.<\/p>\r\n<div id='gallery-1' class='gallery galleryid-63 gallery-columns-3 gallery-size-thumbnail'><figure class='gallery-item'>\n\t\t\t<div class='gallery-icon portrait'>\n\t\t\t\t<a href='https:\/\/sv-eichenbarleben.de\/?attachment_id=1150'><img loading=\"lazy\" decoding=\"async\" width=\"150\" height=\"150\" src=\"https:\/\/sv-eichenbarleben.de\/wp-content\/uploads\/2026\/02\/SVE3-150x150.jpg\" class=\"attachment-thumbnail size-thumbnail\" alt=\"\" srcset=\"https:\/\/sv-eichenbarleben.de\/wp-content\/uploads\/2026\/02\/SVE3-150x150.jpg 150w, https:\/\/sv-eichenbarleben.de\/wp-content\/uploads\/2026\/02\/SVE3-100x100.jpg 100w\" sizes=\"auto, 100vw\" \/><\/a>\n\t\t\t<\/div><\/figure><figure class='gallery-item'>\n\t\t\t<div class='gallery-icon portrait'>\n\t\t\t\t<a href='https:\/\/sv-eichenbarleben.de\/?attachment_id=1148'><img loading=\"lazy\" decoding=\"async\" width=\"150\" height=\"150\" src=\"https:\/\/sv-eichenbarleben.de\/wp-content\/uploads\/2026\/02\/SVE1-150x150.jpg\" class=\"attachment-thumbnail size-thumbnail\" alt=\"\" srcset=\"https:\/\/sv-eichenbarleben.de\/wp-content\/uploads\/2026\/02\/SVE1-150x150.jpg 150w, https:\/\/sv-eichenbarleben.de\/wp-content\/uploads\/2026\/02\/SVE1-100x100.jpg 100w\" sizes=\"auto, 100vw\" \/><\/a>\n\t\t\t<\/div><\/figure>\n\t\t<\/div>\n\r\n<p>\u00a0 \u00a0 <img loading=\"lazy\" decoding=\"async\" class=\"alignnone size-medium wp-image-1149\" src=\"https:\/\/sv-eichenbarleben.de\/wp-content\/uploads\/2026\/02\/SVE2-300x169.jpg\" alt=\"\" width=\"300\" height=\"169\" srcset=\"https:\/\/sv-eichenbarleben.de\/wp-content\/uploads\/2026\/02\/SVE2-300x169.jpg 300w, https:\/\/sv-eichenbarleben.de\/wp-content\/uploads\/2026\/02\/SVE2-1024x576.jpg 1024w, https:\/\/sv-eichenbarleben.de\/wp-content\/uploads\/2026\/02\/SVE2-768x432.jpg 768w, https:\/\/sv-eichenbarleben.de\/wp-content\/uploads\/2026\/02\/SVE2-1536x864.jpg 1536w, https:\/\/sv-eichenbarleben.de\/wp-content\/uploads\/2026\/02\/SVE2.jpg 1600w\" sizes=\"auto, (max-width: 300px) 100vw, 300px\" \/><\/p>\r\n<hr \/>\r\n<p><strong><br \/>Landesdamenpokal 2026<\/strong><\/p>\r\n<p>Hervorragende Ergebnisse unserer Teilnehmerinnen am <br \/>Landesdamenpokal 2026.<\/p>\r\n<p>\u00a01. Platz &#8211; LP &#8211; Amy Walter (355 R)<br \/>4. Platz &#8211; LP &#8211; Lina Putzmann (338 R)<\/p>\r\n<p>2. Platz &#8211; LG &#8211; Marina Bliss (403,5 R)<\/p>\r\n<p>Herzlichen Gl\u00fcckwunsch!<\/p>\r\n<p><img loading=\"lazy\" decoding=\"async\" class=\"alignnone size-medium wp-image-1142\" src=\"https:\/\/sv-eichenbarleben.de\/wp-content\/uploads\/2026\/01\/Bild2-169x300.jpg\" alt=\"\" width=\"169\" height=\"300\" srcset=\"https:\/\/sv-eichenbarleben.de\/wp-content\/uploads\/2026\/01\/Bild2-169x300.jpg 169w, https:\/\/sv-eichenbarleben.de\/wp-content\/uploads\/2026\/01\/Bild2-577x1024.jpg 577w, https:\/\/sv-eichenbarleben.de\/wp-content\/uploads\/2026\/01\/Bild2-768x1364.jpg 768w, https:\/\/sv-eichenbarleben.de\/wp-content\/uploads\/2026\/01\/Bild2-865x1536.jpg 865w, https:\/\/sv-eichenbarleben.de\/wp-content\/uploads\/2026\/01\/Bild2.jpg 1126w\" sizes=\"auto, (max-width: 169px) 100vw, 169px\" \/>\u00a0<img loading=\"lazy\" decoding=\"async\" class=\"alignnone size-medium wp-image-1143\" src=\"https:\/\/sv-eichenbarleben.de\/wp-content\/uploads\/2026\/01\/Bild3-169x300.jpg\" alt=\"\" width=\"169\" height=\"300\" srcset=\"https:\/\/sv-eichenbarleben.de\/wp-content\/uploads\/2026\/01\/Bild3-169x300.jpg 169w, https:\/\/sv-eichenbarleben.de\/wp-content\/uploads\/2026\/01\/Bild3-577x1024.jpg 577w, https:\/\/sv-eichenbarleben.de\/wp-content\/uploads\/2026\/01\/Bild3-768x1364.jpg 768w, https:\/\/sv-eichenbarleben.de\/wp-content\/uploads\/2026\/01\/Bild3-865x1536.jpg 865w, https:\/\/sv-eichenbarleben.de\/wp-content\/uploads\/2026\/01\/Bild3.jpg 1126w\" sizes=\"auto, (max-width: 169px) 100vw, 169px\" \/> \u00a0<img loading=\"lazy\" decoding=\"async\" class=\"alignnone size-medium wp-image-1141\" src=\"https:\/\/sv-eichenbarleben.de\/wp-content\/uploads\/2026\/01\/Bild1-300x169.jpg\" alt=\"\" width=\"300\" height=\"169\" srcset=\"https:\/\/sv-eichenbarleben.de\/wp-content\/uploads\/2026\/01\/Bild1-300x169.jpg 300w, https:\/\/sv-eichenbarleben.de\/wp-content\/uploads\/2026\/01\/Bild1-1024x577.jpg 1024w, https:\/\/sv-eichenbarleben.de\/wp-content\/uploads\/2026\/01\/Bild1-768x432.jpg 768w, https:\/\/sv-eichenbarleben.de\/wp-content\/uploads\/2026\/01\/Bild1-1536x865.jpg 1536w, https:\/\/sv-eichenbarleben.de\/wp-content\/uploads\/2026\/01\/Bild1.jpg 2000w\" sizes=\"auto, (max-width: 300px) 100vw, 300px\" \/><img loading=\"lazy\" decoding=\"async\" class=\"alignnone size-medium wp-image-1144\" src=\"https:\/\/sv-eichenbarleben.de\/wp-content\/uploads\/2026\/01\/Bild4-300x169.jpg\" alt=\"\" width=\"300\" height=\"169\" srcset=\"https:\/\/sv-eichenbarleben.de\/wp-content\/uploads\/2026\/01\/Bild4-300x169.jpg 300w, https:\/\/sv-eichenbarleben.de\/wp-content\/uploads\/2026\/01\/Bild4-1024x577.jpg 1024w, https:\/\/sv-eichenbarleben.de\/wp-content\/uploads\/2026\/01\/Bild4-768x432.jpg 768w, https:\/\/sv-eichenbarleben.de\/wp-content\/uploads\/2026\/01\/Bild4-1536x865.jpg 1536w, https:\/\/sv-eichenbarleben.de\/wp-content\/uploads\/2026\/01\/Bild4.jpg 2000w\" sizes=\"auto, (max-width: 300px) 100vw, 300px\" \/><\/p>\r\n<hr \/>\r\n<p>09.01.2026<\/p>\r\n<p><span style=\"color: #ff0000;\">Achtung!<\/span><\/p>\r\n<p>Auf Grund der Wetterlage bleibt der Sch\u00fctzenplatz <span style=\"color: #ff0000;\">ab sofort bis einschlie\u00dflich 14.01.2026 geschlossen!<\/span><\/p>\r\n<hr \/>\r\n<p>04.09.2025<\/p>\r\n<p>27. Benefizschie\u00dfen des Kreissch\u00fctzenverbandes Ohre-Kreis von 1993 e.V. zugunsten des &#8222;Kreativen Lernzentrums&#8220; am 13.09.2025.<\/p>\r\n<p>N\u00e4here Informationen erhaltet ihr hier: <a href=\"http:\/\/sv-eichenbarleben.de\/wp-content\/uploads\/2025\/09\/Ausschreibung-Benefiz-2025_250903_134437.pdf\">27. Benefizschie\u00dfen<\/a><\/p>\r\n<p>_______________________________________________________________<\/p>\r\n<p>25.08.2025<\/p>\r\n<p><strong>Deutschen Meisterschaften im Sportschie\u00dfen 2025<\/strong><\/p>\r\n<p>Am 22.08.2025 hat unsere Amy Walter ihren Wettkampf in der Disziplin Luftpistole 60 Schuss absolviert. Mit einem Gesamtergebnis von 525 Ringen hat sie eine pers\u00f6nliche Bestleistung erzielt und belegte den 34. Platz (Ringgleich mit Platz 32 und 33) von 55 Startern.<\/p>\r\n<p>Liebe Amy, du hast das toll gemacht &#8211; herzlichen Gl\u00fcckwunsch!<\/p>\r\n<p><img loading=\"lazy\" decoding=\"async\" class=\"alignnone size-medium wp-image-1094\" src=\"http:\/\/sv-eichenbarleben.de\/wp-content\/uploads\/2025\/08\/Amy1-169x300.jpg\" alt=\"\" width=\"169\" height=\"300\" srcset=\"https:\/\/sv-eichenbarleben.de\/wp-content\/uploads\/2025\/08\/Amy1-169x300.jpg 169w, https:\/\/sv-eichenbarleben.de\/wp-content\/uploads\/2025\/08\/Amy1-576x1024.jpg 576w, https:\/\/sv-eichenbarleben.de\/wp-content\/uploads\/2025\/08\/Amy1-768x1365.jpg 768w, https:\/\/sv-eichenbarleben.de\/wp-content\/uploads\/2025\/08\/Amy1-864x1536.jpg 864w, https:\/\/sv-eichenbarleben.de\/wp-content\/uploads\/2025\/08\/Amy1.jpg 900w\" sizes=\"auto, (max-width: 169px) 100vw, 169px\" \/> <img loading=\"lazy\" decoding=\"async\" class=\"alignnone size-medium wp-image-1095\" src=\"http:\/\/sv-eichenbarleben.de\/wp-content\/uploads\/2025\/08\/Amy2-169x300.jpg\" alt=\"\" width=\"169\" height=\"300\" srcset=\"https:\/\/sv-eichenbarleben.de\/wp-content\/uploads\/2025\/08\/Amy2-169x300.jpg 169w, https:\/\/sv-eichenbarleben.de\/wp-content\/uploads\/2025\/08\/Amy2-577x1024.jpg 577w, https:\/\/sv-eichenbarleben.de\/wp-content\/uploads\/2025\/08\/Amy2-768x1364.jpg 768w, https:\/\/sv-eichenbarleben.de\/wp-content\/uploads\/2025\/08\/Amy2-865x1536.jpg 865w, https:\/\/sv-eichenbarleben.de\/wp-content\/uploads\/2025\/08\/Amy2.jpg 1126w\" sizes=\"auto, (max-width: 169px) 100vw, 169px\" \/> <img loading=\"lazy\" decoding=\"async\" class=\"alignnone size-medium wp-image-1097\" src=\"http:\/\/sv-eichenbarleben.de\/wp-content\/uploads\/2025\/08\/Amy4-169x300.jpg\" alt=\"\" width=\"169\" height=\"300\" srcset=\"https:\/\/sv-eichenbarleben.de\/wp-content\/uploads\/2025\/08\/Amy4-169x300.jpg 169w, https:\/\/sv-eichenbarleben.de\/wp-content\/uploads\/2025\/08\/Amy4-577x1024.jpg 577w, https:\/\/sv-eichenbarleben.de\/wp-content\/uploads\/2025\/08\/Amy4-768x1364.jpg 768w, https:\/\/sv-eichenbarleben.de\/wp-content\/uploads\/2025\/08\/Amy4-865x1536.jpg 865w, https:\/\/sv-eichenbarleben.de\/wp-content\/uploads\/2025\/08\/Amy4.jpg 1126w\" sizes=\"auto, (max-width: 169px) 100vw, 169px\" \/><\/p>\r\n<hr \/>\r\n<p>25.08.2025<\/p>\r\n<p><span style=\"color: #ff0000;\"><strong>\u00d6ffnungszeiten!<br \/><\/strong><\/span><br \/>Mittwoch bis Samstag von <em>09.00 bis 16.00 Uhr<\/em> und<\/p>\r\n<p>Sonntag von <em>09.00 bis 12.00<\/em> Uhr<\/p>\r\n<p>ge\u00f6ffnet!!!<\/p>\r\n<hr \/>\r\n<p>Fr\u00fchjahrsputz im SVE &#8211; 05.04.2025<\/p>\r\n<p><img loading=\"lazy\" decoding=\"async\" class=\"alignnone  wp-image-1061\" src=\"http:\/\/sv-eichenbarleben.de\/wp-content\/uploads\/2025\/04\/SVE_Jugend-1024x577.jpg\" alt=\"\" width=\"578\" height=\"326\" srcset=\"https:\/\/sv-eichenbarleben.de\/wp-content\/uploads\/2025\/04\/SVE_Jugend-1024x577.jpg 1024w, https:\/\/sv-eichenbarleben.de\/wp-content\/uploads\/2025\/04\/SVE_Jugend-300x169.jpg 300w, https:\/\/sv-eichenbarleben.de\/wp-content\/uploads\/2025\/04\/SVE_Jugend-768x432.jpg 768w, https:\/\/sv-eichenbarleben.de\/wp-content\/uploads\/2025\/04\/SVE_Jugend-1536x865.jpg 1536w, https:\/\/sv-eichenbarleben.de\/wp-content\/uploads\/2025\/04\/SVE_Jugend.jpg 2000w\" sizes=\"auto, (max-width: 578px) 100vw, 578px\" \/>(c) SVE<\/p>\r\n<p><img loading=\"lazy\" decoding=\"async\" class=\"alignnone size-full wp-image-1060\" src=\"http:\/\/sv-eichenbarleben.de\/wp-content\/uploads\/2025\/04\/Arbeitseinsatz_SVE.jpg\" alt=\"\" width=\"640\" height=\"360\" srcset=\"https:\/\/sv-eichenbarleben.de\/wp-content\/uploads\/2025\/04\/Arbeitseinsatz_SVE.jpg 640w, https:\/\/sv-eichenbarleben.de\/wp-content\/uploads\/2025\/04\/Arbeitseinsatz_SVE-300x169.jpg 300w\" sizes=\"auto, (max-width: 640px) 100vw, 640px\" \/>(c) SVE<\/p>\r\n<p>Auch in diesem Jahr haben sich wieder viele Mitglieder des SVE beim all-j\u00e4hrlichen Fr\u00fchjahrsputz im Sch\u00fctzenhaus und bei der Gartenpflege beteiligt. Mit vereinten Kr\u00e4ften wurde viel geschafft. Im Anschluss wurde drau\u00dfen bei Bratwurst, Steak, Salat, Kuchen und Getr\u00e4nken noch gem\u00fctlich zusammengesessen. Es war sch\u00f6n, dass so viele mitgemacht haben, denn neben unserem Schie\u00dfsport machen auch solche Aktionen ein gutes Vereinsleben aus.<\/p>\r\n<p><\/p>","protected":false},"excerpt":{"rendered":"<p>Herzlich willkommen auf der Website des Sch\u00fctzenverein Eichenbarleben von 1994 e.V 2026 Wettkampfplan SVE 30.03.2026 Achtung! Von Freitag, 03.04.2026 bis einschlie\u00dflich Dienstag, 07.04.2026 bleibt der Sch\u00fctzenplatz geschlossen! Wir w\u00fcnschen frohe Ostern und erholsame Feiertage! Achtung: Am 11.04.2026 bleibt der Sch\u00fctzenplatz geschlossen! 16.03.2026 Am 14.03.2026 fand auf der Masche in Haldensleben der 33. Kreissch\u00fctzentag statt. Traditionell &hellip; <\/p>\n<p class=\"link-more\"><a href=\"https:\/\/sv-eichenbarleben.de\/\" class=\"more-link\"><span class=\"screen-reader-text\">\u201eAktuelles\u201c <\/span>weiterlesen<\/a><\/p>\n","protected":false},"author":1,"featured_media":0,"parent":0,"menu_order":0,"comment_status":"closed","ping_status":"closed","template":"","meta":{"footnotes":""},"class_list":["post-63","page","type-page","status-publish","hentry"],"_links":{"self":[{"href":"https:\/\/sv-eichenbarleben.de\/index.php?rest_route=\/wp\/v2\/pages\/63","targetHints":{"allow":["GET"]}}],"collection":[{"href":"https:\/\/sv-eichenbarleben.de\/index.php?rest_route=\/wp\/v2\/pages"}],"about":[{"href":"https:\/\/sv-eichenbarleben.de\/index.php?rest_route=\/wp\/v2\/types\/page"}],"author":[{"embeddable":true,"href":"https:\/\/sv-eichenbarleben.de\/index.php?rest_route=\/wp\/v2\/users\/1"}],"replies":[{"embeddable":true,"href":"https:\/\/sv-eichenbarleben.de\/index.php?rest_route=%2Fwp%2Fv2%2Fcomments&post=63"}],"version-history":[{"count":212,"href":"https:\/\/sv-eichenbarleben.de\/index.php?rest_route=\/wp\/v2\/pages\/63\/revisions"}],"predecessor-version":[{"id":1176,"href":"https:\/\/sv-eichenbarleben.de\/index.php?rest_route=\/wp\/v2\/pages\/63\/revisions\/1176"}],"wp:attachment":[{"href":"https:\/\/sv-eichenbarleben.de\/index.php?rest_route=%2Fwp%2Fv2%2Fmedia&parent=63"}],"curies":[{"name":"wp","href":"https:\/\/api.w.org\/{rel}","templated":true}]}}