{"id":606,"date":"2023-03-03T11:45:59","date_gmt":"2023-03-03T09:45:59","guid":{"rendered":"https:\/\/sv-eichenbarleben.de\/?page_id=606"},"modified":"2023-03-03T12:30:42","modified_gmt":"2023-03-03T10:30:42","slug":"schuetzenfest-2022","status":"publish","type":"page","link":"https:\/\/sv-eichenbarleben.de\/?page_id=606","title":{"rendered":"Sch\u00fctzenfest 2022"},"content":{"rendered":"<figure id=\"attachment_617\" aria-describedby=\"caption-attachment-617\" style=\"width: 525px\" class=\"wp-caption alignnone\"><img loading=\"lazy\" decoding=\"async\" class=\"size-large wp-image-617\" src=\"http:\/\/sv-eichenbarleben.de\/wp-content\/uploads\/2023\/03\/Festumzug-768x1024.jpg\" alt=\"\" width=\"525\" height=\"700\" srcset=\"https:\/\/sv-eichenbarleben.de\/wp-content\/uploads\/2023\/03\/Festumzug-768x1024.jpg 768w, https:\/\/sv-eichenbarleben.de\/wp-content\/uploads\/2023\/03\/Festumzug-225x300.jpg 225w, https:\/\/sv-eichenbarleben.de\/wp-content\/uploads\/2023\/03\/Festumzug.jpg 960w\" sizes=\"auto, (max-width: 525px) 100vw, 525px\" \/><figcaption id=\"caption-attachment-617\" class=\"wp-caption-text\">Festumzug zum Sch\u00fctzenfest 2022\u00a0\u00a0\u00a0\u00a0\u00a0\u00a0\u00a0 (c) sve<\/figcaption><\/figure>\n<figure id=\"attachment_609\" aria-describedby=\"caption-attachment-609\" style=\"width: 525px\" class=\"wp-caption alignnone\"><img loading=\"lazy\" decoding=\"async\" class=\"size-large wp-image-609\" src=\"http:\/\/sv-eichenbarleben.de\/wp-content\/uploads\/2023\/03\/Koenigsfeier1-e1677839072272-768x1024.jpg\" alt=\"\" width=\"525\" height=\"700\" srcset=\"https:\/\/sv-eichenbarleben.de\/wp-content\/uploads\/2023\/03\/Koenigsfeier1-e1677839072272-768x1024.jpg 768w, https:\/\/sv-eichenbarleben.de\/wp-content\/uploads\/2023\/03\/Koenigsfeier1-e1677839072272-225x300.jpg 225w, https:\/\/sv-eichenbarleben.de\/wp-content\/uploads\/2023\/03\/Koenigsfeier1-e1677839072272-1152x1536.jpg 1152w, https:\/\/sv-eichenbarleben.de\/wp-content\/uploads\/2023\/03\/Koenigsfeier1-e1677839072272.jpg 1512w\" sizes=\"auto, (max-width: 525px) 100vw, 525px\" \/><figcaption id=\"caption-attachment-609\" class=\"wp-caption-text\">(c) sve<\/figcaption><\/figure>\n<figure id=\"attachment_614\" aria-describedby=\"caption-attachment-614\" style=\"width: 525px\" class=\"wp-caption alignnone\"><img loading=\"lazy\" decoding=\"async\" class=\"size-large wp-image-614\" src=\"http:\/\/sv-eichenbarleben.de\/wp-content\/uploads\/2023\/03\/Koengisfeier__2022-e1677838897412-768x1024.jpg\" alt=\"\" width=\"525\" height=\"700\" srcset=\"https:\/\/sv-eichenbarleben.de\/wp-content\/uploads\/2023\/03\/Koengisfeier__2022-e1677838897412-768x1024.jpg 768w, https:\/\/sv-eichenbarleben.de\/wp-content\/uploads\/2023\/03\/Koengisfeier__2022-e1677838897412-225x300.jpg 225w, https:\/\/sv-eichenbarleben.de\/wp-content\/uploads\/2023\/03\/Koengisfeier__2022-e1677838897412-1152x1536.jpg 1152w, https:\/\/sv-eichenbarleben.de\/wp-content\/uploads\/2023\/03\/Koengisfeier__2022-e1677838897412.jpg 1512w\" sizes=\"auto, (max-width: 525px) 100vw, 525px\" \/><figcaption id=\"caption-attachment-614\" class=\"wp-caption-text\">Jungensch\u00fctzenk\u00f6nigin und -k\u00f6nig 2022\u00a0\u00a0\u00a0\u00a0\u00a0 (c) sve<\/figcaption><\/figure>\n<figure id=\"attachment_613\" aria-describedby=\"caption-attachment-613\" style=\"width: 525px\" class=\"wp-caption alignnone\"><img loading=\"lazy\" decoding=\"async\" class=\"size-large wp-image-613\" src=\"http:\/\/sv-eichenbarleben.de\/wp-content\/uploads\/2023\/03\/Koenigshaus__2022-1024x768.jpg\" alt=\"\" width=\"525\" height=\"394\" srcset=\"https:\/\/sv-eichenbarleben.de\/wp-content\/uploads\/2023\/03\/Koenigshaus__2022-1024x768.jpg 1024w, https:\/\/sv-eichenbarleben.de\/wp-content\/uploads\/2023\/03\/Koenigshaus__2022-300x225.jpg 300w, https:\/\/sv-eichenbarleben.de\/wp-content\/uploads\/2023\/03\/Koenigshaus__2022-768x576.jpg 768w, https:\/\/sv-eichenbarleben.de\/wp-content\/uploads\/2023\/03\/Koenigshaus__2022-1536x1152.jpg 1536w, https:\/\/sv-eichenbarleben.de\/wp-content\/uploads\/2023\/03\/Koenigshaus__2022.jpg 2016w\" sizes=\"auto, (max-width: 525px) 100vw, 525px\" \/><figcaption id=\"caption-attachment-613\" class=\"wp-caption-text\">K\u00f6nigshaus 2022\u00a0\u00a0\u00a0\u00a0\u00a0 (c) sve<\/figcaption><\/figure>\n<figure id=\"attachment_618\" aria-describedby=\"caption-attachment-618\" style=\"width: 525px\" class=\"wp-caption alignnone\"><img loading=\"lazy\" decoding=\"async\" class=\"size-large wp-image-618\" src=\"http:\/\/sv-eichenbarleben.de\/wp-content\/uploads\/2023\/03\/Zeitungsartikel-scaled-e1677837940908-768x1024.jpg\" alt=\"\" width=\"525\" height=\"700\" srcset=\"https:\/\/sv-eichenbarleben.de\/wp-content\/uploads\/2023\/03\/Zeitungsartikel-scaled-e1677837940908-768x1024.jpg 768w, https:\/\/sv-eichenbarleben.de\/wp-content\/uploads\/2023\/03\/Zeitungsartikel-scaled-e1677837940908-225x300.jpg 225w, https:\/\/sv-eichenbarleben.de\/wp-content\/uploads\/2023\/03\/Zeitungsartikel-scaled-e1677837940908-1152x1536.jpg 1152w, https:\/\/sv-eichenbarleben.de\/wp-content\/uploads\/2023\/03\/Zeitungsartikel-scaled-e1677837940908-1536x2048.jpg 1536w, https:\/\/sv-eichenbarleben.de\/wp-content\/uploads\/2023\/03\/Zeitungsartikel-scaled-e1677837940908.jpg 1920w\" sizes=\"auto, (max-width: 525px) 100vw, 525px\" \/><figcaption id=\"caption-attachment-618\" class=\"wp-caption-text\">(c) sve<\/figcaption><\/figure>\n","protected":false},"excerpt":{"rendered":"","protected":false},"author":4,"featured_media":0,"parent":0,"menu_order":0,"comment_status":"closed","ping_status":"closed","template":"","meta":{"footnotes":""},"class_list":["post-606","page","type-page","status-publish","hentry"],"_links":{"self":[{"href":"https:\/\/sv-eichenbarleben.de\/index.php?rest_route=\/wp\/v2\/pages\/606","targetHints":{"allow":["GET"]}}],"collection":[{"href":"https:\/\/sv-eichenbarleben.de\/index.php?rest_route=\/wp\/v2\/pages"}],"about":[{"href":"https:\/\/sv-eichenbarleben.de\/index.php?rest_route=\/wp\/v2\/types\/page"}],"author":[{"embeddable":true,"href":"https:\/\/sv-eichenbarleben.de\/index.php?rest_route=\/wp\/v2\/users\/4"}],"replies":[{"embeddable":true,"href":"https:\/\/sv-eichenbarleben.de\/index.php?rest_route=%2Fwp%2Fv2%2Fcomments&post=606"}],"version-history":[{"count":4,"href":"https:\/\/sv-eichenbarleben.de\/index.php?rest_route=\/wp\/v2\/pages\/606\/revisions"}],"predecessor-version":[{"id":621,"href":"https:\/\/sv-eichenbarleben.de\/index.php?rest_route=\/wp\/v2\/pages\/606\/revisions\/621"}],"wp:attachment":[{"href":"https:\/\/sv-eichenbarleben.de\/index.php?rest_route=%2Fwp%2Fv2%2Fmedia&parent=606"}],"curies":[{"name":"wp","href":"https:\/\/api.w.org\/{rel}","templated":true}]}}