{"id":573,"date":"2023-02-27T11:57:52","date_gmt":"2023-02-27T09:57:52","guid":{"rendered":"https:\/\/sv-eichenbarleben.de\/?page_id=573"},"modified":"2024-08-13T08:56:40","modified_gmt":"2024-08-13T06:56:40","slug":"2023-2","status":"publish","type":"page","link":"https:\/\/sv-eichenbarleben.de\/?page_id=573","title":{"rendered":"2023"},"content":{"rendered":"<p style=\"text-align: center;\"><b>Wir gratulieren der neuen deutschen Meisterin &#8211; Marina Bliss<\/b><\/p>\n<p><img loading=\"lazy\" decoding=\"async\" class=\"wp-image-875 aligncenter\" src=\"http:\/\/sv-eichenbarleben.de\/wp-content\/uploads\/2023\/08\/DM2023_Marina-768x1024.jpg\" alt=\"\" width=\"280\" height=\"373\" srcset=\"https:\/\/sv-eichenbarleben.de\/wp-content\/uploads\/2023\/08\/DM2023_Marina-768x1024.jpg 768w, https:\/\/sv-eichenbarleben.de\/wp-content\/uploads\/2023\/08\/DM2023_Marina-225x300.jpg 225w, https:\/\/sv-eichenbarleben.de\/wp-content\/uploads\/2023\/08\/DM2023_Marina-1152x1536.jpg 1152w, https:\/\/sv-eichenbarleben.de\/wp-content\/uploads\/2023\/08\/DM2023_Marina.jpg 1200w\" sizes=\"auto, (max-width: 280px) 100vw, 280px\" \/> \u00a0\u00a0\u00a0\u00a0 <img loading=\"lazy\" decoding=\"async\" class=\"wp-image-876 aligncenter\" src=\"http:\/\/sv-eichenbarleben.de\/wp-content\/uploads\/2023\/08\/DM023_Gruppe.jpg\" alt=\"\" width=\"233\" height=\"321\" srcset=\"https:\/\/sv-eichenbarleben.de\/wp-content\/uploads\/2023\/08\/DM023_Gruppe.jpg 553w, https:\/\/sv-eichenbarleben.de\/wp-content\/uploads\/2023\/08\/DM023_Gruppe-218x300.jpg 218w\" sizes=\"auto, (max-width: 233px) 100vw, 233px\" \/><\/p>\n<p style=\"text-align: center;\">Tag 5 der Deutschen Meisterschaften &#8211; die neue deutsche Meisterin mit dem Luftgewehr hei\u00dft &#8211; Marina Bliss. Marina gewann mit 399,4 Ringen.<\/p>\n<p style=\"text-align: center;\">Herzlichen Gl\u00fcckwunsch!<\/p>\n<p>&nbsp;<\/p>\n<hr \/>\n<p><img loading=\"lazy\" decoding=\"async\" class=\"wp-image-817\" src=\"http:\/\/sv-eichenbarleben.de\/wp-content\/uploads\/2023\/06\/Jugendkoenigschiessen2023-1024x768.jpg\" alt=\"(c) sve\" width=\"446\" height=\"335\" srcset=\"https:\/\/sv-eichenbarleben.de\/wp-content\/uploads\/2023\/06\/Jugendkoenigschiessen2023-1024x768.jpg 1024w, https:\/\/sv-eichenbarleben.de\/wp-content\/uploads\/2023\/06\/Jugendkoenigschiessen2023-300x225.jpg 300w, https:\/\/sv-eichenbarleben.de\/wp-content\/uploads\/2023\/06\/Jugendkoenigschiessen2023-768x576.jpg 768w, https:\/\/sv-eichenbarleben.de\/wp-content\/uploads\/2023\/06\/Jugendkoenigschiessen2023-1536x1152.jpg 1536w, https:\/\/sv-eichenbarleben.de\/wp-content\/uploads\/2023\/06\/Jugendkoenigschiessen2023.jpg 1600w\" sizes=\"auto, (max-width: 446px) 100vw, 446px\" \/><\/p>\n<p>Am 22.6.2923 fand die Siegerehrung vom Jugendk\u00f6nigschie\u00dfen statt. Wir gratulieren unserer Amy Walter, die als Pistolensch\u00fctzin unter den Gewehrsch\u00fctzen den hervorragenden 3. Platz erreichte.<\/p>\n<hr \/>\n<p>&nbsp;<\/p>\n","protected":false},"excerpt":{"rendered":"<p>Wir gratulieren der neuen deutschen Meisterin &#8211; Marina Bliss \u00a0\u00a0\u00a0\u00a0 Tag 5 der Deutschen Meisterschaften &#8211; die neue deutsche Meisterin mit dem Luftgewehr hei\u00dft &#8211; Marina Bliss. Marina gewann mit 399,4 Ringen. Herzlichen Gl\u00fcckwunsch! &nbsp; Am 22.6.2923 fand die Siegerehrung vom Jugendk\u00f6nigschie\u00dfen statt. Wir gratulieren unserer Amy Walter, die als Pistolensch\u00fctzin unter den Gewehrsch\u00fctzen den &hellip; <\/p>\n<p class=\"link-more\"><a href=\"https:\/\/sv-eichenbarleben.de\/?page_id=573\" class=\"more-link\"><span class=\"screen-reader-text\">\u201e2023\u201c <\/span>weiterlesen<\/a><\/p>\n","protected":false},"author":4,"featured_media":0,"parent":0,"menu_order":0,"comment_status":"closed","ping_status":"closed","template":"","meta":{"footnotes":""},"class_list":["post-573","page","type-page","status-publish","hentry"],"_links":{"self":[{"href":"https:\/\/sv-eichenbarleben.de\/index.php?rest_route=\/wp\/v2\/pages\/573","targetHints":{"allow":["GET"]}}],"collection":[{"href":"https:\/\/sv-eichenbarleben.de\/index.php?rest_route=\/wp\/v2\/pages"}],"about":[{"href":"https:\/\/sv-eichenbarleben.de\/index.php?rest_route=\/wp\/v2\/types\/page"}],"author":[{"embeddable":true,"href":"https:\/\/sv-eichenbarleben.de\/index.php?rest_route=\/wp\/v2\/users\/4"}],"replies":[{"embeddable":true,"href":"https:\/\/sv-eichenbarleben.de\/index.php?rest_route=%2Fwp%2Fv2%2Fcomments&post=573"}],"version-history":[{"count":4,"href":"https:\/\/sv-eichenbarleben.de\/index.php?rest_route=\/wp\/v2\/pages\/573\/revisions"}],"predecessor-version":[{"id":923,"href":"https:\/\/sv-eichenbarleben.de\/index.php?rest_route=\/wp\/v2\/pages\/573\/revisions\/923"}],"wp:attachment":[{"href":"https:\/\/sv-eichenbarleben.de\/index.php?rest_route=%2Fwp%2Fv2%2Fmedia&parent=573"}],"curies":[{"name":"wp","href":"https:\/\/api.w.org\/{rel}","templated":true}]}}