{"id":501,"date":"2023-02-07T13:03:04","date_gmt":"2023-02-07T11:03:04","guid":{"rendered":"https:\/\/sv-eichenbarleben.de\/?page_id=501"},"modified":"2023-02-07T13:46:23","modified_gmt":"2023-02-07T11:46:23","slug":"2022-2","status":"publish","type":"page","link":"https:\/\/sv-eichenbarleben.de\/?page_id=501","title":{"rendered":"2022"},"content":{"rendered":"<p>30.05.2022<\/p>\n<p><a href=\"http:\/\/sv-eichenbarleben.de\/wp-content\/uploads\/2022\/05\/2022-Schuetzenfest_Plakat.pdf\" target=\"_blank\" rel=\"noopener\"><img loading=\"lazy\" decoding=\"async\" class=\"alignnone wp-image-378 size-medium\" src=\"http:\/\/sv-eichenbarleben.de\/wp-content\/uploads\/2022\/05\/Schuetzenfest-2022-212x300.jpg\" alt=\"\" width=\"212\" height=\"300\" srcset=\"https:\/\/sv-eichenbarleben.de\/wp-content\/uploads\/2022\/05\/Schuetzenfest-2022-212x300.jpg 212w, https:\/\/sv-eichenbarleben.de\/wp-content\/uploads\/2022\/05\/Schuetzenfest-2022.jpg 609w\" sizes=\"auto, (max-width: 212px) 100vw, 212px\" \/><\/a><br \/>\n(c)sve<\/p>\n<p>Endlich wieder da! Wir laden am 17.07.2022 zum <strong>27. Sch\u00fctzenfest<\/strong> des SV Eichenbarleben ein!\u00a0 Alle relevanten Infos dazu finden sich <a href=\"http:\/\/sv-eichenbarleben.de\/wp-content\/uploads\/2022\/05\/2022-Schuetzenfest_Plakat.pdf\" target=\"_blank\" rel=\"noopener\">hier<\/a>.<\/p>\n<hr \/>\n<p>04.03.2022<\/p>\n<p>Mit dem heutigen Tag treten endlich die erwarteten Lockerungen bez\u00fcglich CORONA in Kraft. Dies bedeutet f\u00fcr uns, dass ab sofort f\u00fcr das Training und den Aufenthalt im Vereinshaus die 3G-Regel gilt (geimpft, genesen oder getestet). Der Nachweis \u00fcber den jeweiligen Status muss vom Sch\u00fctzen vorgelegt werden. Ein mitgebrachter Schnelltest, kann vor Ort durchgef\u00fchrt werden. Wir freuen uns, bald wieder alle Mitglieder begr\u00fc\u00dfen zu k\u00f6nnen.\u00a0 <a href=\"http:\/\/sv-eichenbarleben.de\/wp-content\/uploads\/2022\/03\/20220304-COVID-Verordnung.pdf\" target=\"_blank\" rel=\"noopener\">Hier<\/a> noch ein Auszug aus der Info des Landessch\u00fctzenbundes.<\/p>\n<hr \/>\n<p>03.03.2022<\/p>\n<figure id=\"attachment_351\" aria-describedby=\"caption-attachment-351\" style=\"width: 300px\" class=\"wp-caption alignnone\"><a href=\"https:\/\/sv-eichenbarleben.de\/?page_id=355\"><img loading=\"lazy\" decoding=\"async\" class=\"wp-image-351 size-medium\" src=\"http:\/\/sv-eichenbarleben.de\/wp-content\/uploads\/2022\/03\/DSC01058-300x200.jpg\" alt=\"\" width=\"300\" height=\"200\" srcset=\"https:\/\/sv-eichenbarleben.de\/wp-content\/uploads\/2022\/03\/DSC01058-300x200.jpg 300w, https:\/\/sv-eichenbarleben.de\/wp-content\/uploads\/2022\/03\/DSC01058-1024x683.jpg 1024w, https:\/\/sv-eichenbarleben.de\/wp-content\/uploads\/2022\/03\/DSC01058-768x512.jpg 768w, https:\/\/sv-eichenbarleben.de\/wp-content\/uploads\/2022\/03\/DSC01058.jpg 1254w\" sizes=\"auto, (max-width: 300px) 100vw, 300px\" \/><\/a><figcaption id=\"caption-attachment-351\" class=\"wp-caption-text\">LM Luftdruck 2022\u00a0\u00a0\u00a0 (c)sve<\/figcaption><\/figure>\n<p>Am 26. und 27. Februar fanden endlich wieder Landesmeisterschaften statt. Die CORONA-Auflagen, die durch die Organisatoren gew\u00e4hrleistet werden mussten, waren enorm. Darum an dieser Stelle dem Landesverband und seinen Helfern EIN GRO\u00dfES DANKESCH\u00d6N. Endlich konnten wir Sch\u00fctzen wieder gemeinsam einen Wettkampf durchf\u00fchren &#8211; diesmal die LM Druckluft Freihand und Auflage.<\/p>\n<hr \/>\n<p>20.01.2022<\/p>\n<figure id=\"attachment_339\" aria-describedby=\"caption-attachment-339\" style=\"width: 242px\" class=\"wp-caption alignnone\"><a href=\"https:\/\/sv-eichenbarleben.de\/?page_id=342\"><img loading=\"lazy\" decoding=\"async\" class=\"wp-image-339 size-medium\" src=\"http:\/\/sv-eichenbarleben.de\/wp-content\/uploads\/2022\/01\/SVE_2022_01_04-242x300.jpg\" alt=\"\" width=\"242\" height=\"300\" srcset=\"https:\/\/sv-eichenbarleben.de\/wp-content\/uploads\/2022\/01\/SVE_2022_01_04-242x300.jpg 242w, https:\/\/sv-eichenbarleben.de\/wp-content\/uploads\/2022\/01\/SVE_2022_01_04-826x1024.jpg 826w, https:\/\/sv-eichenbarleben.de\/wp-content\/uploads\/2022\/01\/SVE_2022_01_04-768x953.jpg 768w, https:\/\/sv-eichenbarleben.de\/wp-content\/uploads\/2022\/01\/SVE_2022_01_04-1238x1536.jpg 1238w, https:\/\/sv-eichenbarleben.de\/wp-content\/uploads\/2022\/01\/SVE_2022_01_04.jpg 1290w\" sizes=\"auto, (max-width: 242px) 100vw, 242px\" \/><\/a><figcaption id=\"caption-attachment-339\" class=\"wp-caption-text\">Pokal Verbandsliga 21\/22 Luftgewehr (c)sve<\/figcaption><\/figure>\n<p>Letzten Sonntag fand die letzte Runde der Verbandsliga Luftgewehr in G\u00f6lzau statt. Marina und Anna-Lena starteten f\u00fcr die Mannschaft als Estedt und konnten bei all ihren Starts punkten. Mit ihren drei Mannschaftskameraden errangen sie insgesamt den 2. Platz!<\/p>\n<hr \/>\n","protected":false},"excerpt":{"rendered":"<p>30.05.2022 (c)sve Endlich wieder da! Wir laden am 17.07.2022 zum 27. Sch\u00fctzenfest des SV Eichenbarleben ein!\u00a0 Alle relevanten Infos dazu finden sich hier. 04.03.2022 Mit dem heutigen Tag treten endlich die erwarteten Lockerungen bez\u00fcglich CORONA in Kraft. Dies bedeutet f\u00fcr uns, dass ab sofort f\u00fcr das Training und den Aufenthalt im Vereinshaus die 3G-Regel gilt &hellip; <\/p>\n<p class=\"link-more\"><a href=\"https:\/\/sv-eichenbarleben.de\/?page_id=501\" class=\"more-link\"><span class=\"screen-reader-text\">\u201e2022\u201c <\/span>weiterlesen<\/a><\/p>\n","protected":false},"author":4,"featured_media":0,"parent":0,"menu_order":0,"comment_status":"closed","ping_status":"closed","template":"","meta":{"footnotes":""},"class_list":["post-501","page","type-page","status-publish","hentry"],"_links":{"self":[{"href":"https:\/\/sv-eichenbarleben.de\/index.php?rest_route=\/wp\/v2\/pages\/501","targetHints":{"allow":["GET"]}}],"collection":[{"href":"https:\/\/sv-eichenbarleben.de\/index.php?rest_route=\/wp\/v2\/pages"}],"about":[{"href":"https:\/\/sv-eichenbarleben.de\/index.php?rest_route=\/wp\/v2\/types\/page"}],"author":[{"embeddable":true,"href":"https:\/\/sv-eichenbarleben.de\/index.php?rest_route=\/wp\/v2\/users\/4"}],"replies":[{"embeddable":true,"href":"https:\/\/sv-eichenbarleben.de\/index.php?rest_route=%2Fwp%2Fv2%2Fcomments&post=501"}],"version-history":[{"count":3,"href":"https:\/\/sv-eichenbarleben.de\/index.php?rest_route=\/wp\/v2\/pages\/501\/revisions"}],"predecessor-version":[{"id":512,"href":"https:\/\/sv-eichenbarleben.de\/index.php?rest_route=\/wp\/v2\/pages\/501\/revisions\/512"}],"wp:attachment":[{"href":"https:\/\/sv-eichenbarleben.de\/index.php?rest_route=%2Fwp%2Fv2%2Fmedia&parent=501"}],"curies":[{"name":"wp","href":"https:\/\/api.w.org\/{rel}","templated":true}]}}