{"id":383,"date":"2022-09-14T20:40:53","date_gmt":"2022-09-14T18:40:53","guid":{"rendered":"https:\/\/sv-eichenbarleben.de\/?page_id=383"},"modified":"2022-09-14T20:40:53","modified_gmt":"2022-09-14T18:40:53","slug":"kreisjugendtag-2022-dachsburg","status":"publish","type":"page","link":"https:\/\/sv-eichenbarleben.de\/?page_id=383","title":{"rendered":"Kreisjugendtag 2022 Dachsburg"},"content":{"rendered":"<p>Am 10. September 2022, fand der 2. Kreisjugendtag auf der Dachsburg statt. Es war ein sch\u00f6ner Tag, mit Trapschie\u00dfen, Messerwerfen, Dart und Bogenschie\u00dfen, sowie Stockbrot und Gegrilltem. Am Ende fand die mehrfach verschobene Siegerehrung vom Ohrepokal und den Jugendpokalrunden 2021 statt. Cassidy Gietz gewann beide Wettk\u00e4mpfe in der Klasse LG Juniorinnen 2, Anna-Lena Weilbeer holte sich den Sieg bei den Jugendpokalrunden in der Klasse LG Sch\u00fcler weiblich.<\/p>\n<p>Herzlichen Gl\u00fcckwunsch!<\/p>\n<p><img loading=\"lazy\" decoding=\"async\" class=\"alignnone size-large wp-image-385\" src=\"http:\/\/sv-eichenbarleben.de\/wp-content\/uploads\/2022\/09\/Bogenschiessen-1-768x1024.jpeg\" alt=\"\" width=\"525\" height=\"700\" srcset=\"https:\/\/sv-eichenbarleben.de\/wp-content\/uploads\/2022\/09\/Bogenschiessen-1-768x1024.jpeg 768w, https:\/\/sv-eichenbarleben.de\/wp-content\/uploads\/2022\/09\/Bogenschiessen-1-225x300.jpeg 225w, https:\/\/sv-eichenbarleben.de\/wp-content\/uploads\/2022\/09\/Bogenschiessen-1-1152x1536.jpeg 1152w, https:\/\/sv-eichenbarleben.de\/wp-content\/uploads\/2022\/09\/Bogenschiessen-1.jpeg 1500w\" sizes=\"auto, (max-width: 525px) 100vw, 525px\" \/> <img loading=\"lazy\" decoding=\"async\" class=\"alignnone size-large wp-image-393\" src=\"http:\/\/sv-eichenbarleben.de\/wp-content\/uploads\/2022\/09\/Bogenschiessen-10-1024x768.jpeg\" alt=\"\" width=\"525\" height=\"394\" srcset=\"https:\/\/sv-eichenbarleben.de\/wp-content\/uploads\/2022\/09\/Bogenschiessen-10-1024x768.jpeg 1024w, https:\/\/sv-eichenbarleben.de\/wp-content\/uploads\/2022\/09\/Bogenschiessen-10-300x225.jpeg 300w, https:\/\/sv-eichenbarleben.de\/wp-content\/uploads\/2022\/09\/Bogenschiessen-10-768x576.jpeg 768w, https:\/\/sv-eichenbarleben.de\/wp-content\/uploads\/2022\/09\/Bogenschiessen-10-1536x1152.jpeg 1536w, https:\/\/sv-eichenbarleben.de\/wp-content\/uploads\/2022\/09\/Bogenschiessen-10.jpeg 2000w\" sizes=\"auto, (max-width: 525px) 100vw, 525px\" \/> <img loading=\"lazy\" decoding=\"async\" class=\"alignnone size-large wp-image-392\" src=\"http:\/\/sv-eichenbarleben.de\/wp-content\/uploads\/2022\/09\/Bogenschiessen-9-768x1024.jpeg\" alt=\"\" width=\"525\" height=\"700\" srcset=\"https:\/\/sv-eichenbarleben.de\/wp-content\/uploads\/2022\/09\/Bogenschiessen-9-768x1024.jpeg 768w, https:\/\/sv-eichenbarleben.de\/wp-content\/uploads\/2022\/09\/Bogenschiessen-9-225x300.jpeg 225w, https:\/\/sv-eichenbarleben.de\/wp-content\/uploads\/2022\/09\/Bogenschiessen-9-1152x1536.jpeg 1152w, https:\/\/sv-eichenbarleben.de\/wp-content\/uploads\/2022\/09\/Bogenschiessen-9.jpeg 1500w\" sizes=\"auto, (max-width: 525px) 100vw, 525px\" \/> <img loading=\"lazy\" decoding=\"async\" class=\"alignnone size-large wp-image-391\" src=\"http:\/\/sv-eichenbarleben.de\/wp-content\/uploads\/2022\/09\/Bogenschiessen-8-1024x768.jpeg\" alt=\"\" width=\"525\" height=\"394\" srcset=\"https:\/\/sv-eichenbarleben.de\/wp-content\/uploads\/2022\/09\/Bogenschiessen-8-1024x768.jpeg 1024w, https:\/\/sv-eichenbarleben.de\/wp-content\/uploads\/2022\/09\/Bogenschiessen-8-300x225.jpeg 300w, https:\/\/sv-eichenbarleben.de\/wp-content\/uploads\/2022\/09\/Bogenschiessen-8-768x576.jpeg 768w, https:\/\/sv-eichenbarleben.de\/wp-content\/uploads\/2022\/09\/Bogenschiessen-8-1536x1152.jpeg 1536w, https:\/\/sv-eichenbarleben.de\/wp-content\/uploads\/2022\/09\/Bogenschiessen-8.jpeg 2000w\" sizes=\"auto, (max-width: 525px) 100vw, 525px\" \/> <img loading=\"lazy\" decoding=\"async\" class=\"alignnone size-large wp-image-390\" src=\"http:\/\/sv-eichenbarleben.de\/wp-content\/uploads\/2022\/09\/Bogenschiessen-7-768x1024.jpeg\" alt=\"\" width=\"525\" height=\"700\" srcset=\"https:\/\/sv-eichenbarleben.de\/wp-content\/uploads\/2022\/09\/Bogenschiessen-7-768x1024.jpeg 768w, https:\/\/sv-eichenbarleben.de\/wp-content\/uploads\/2022\/09\/Bogenschiessen-7-225x300.jpeg 225w, https:\/\/sv-eichenbarleben.de\/wp-content\/uploads\/2022\/09\/Bogenschiessen-7-1152x1536.jpeg 1152w, https:\/\/sv-eichenbarleben.de\/wp-content\/uploads\/2022\/09\/Bogenschiessen-7.jpeg 1500w\" sizes=\"auto, (max-width: 525px) 100vw, 525px\" \/> <img loading=\"lazy\" decoding=\"async\" class=\"alignnone size-large wp-image-389\" src=\"http:\/\/sv-eichenbarleben.de\/wp-content\/uploads\/2022\/09\/Bogenschiessen-6-1024x768.jpeg\" alt=\"\" width=\"525\" height=\"394\" srcset=\"https:\/\/sv-eichenbarleben.de\/wp-content\/uploads\/2022\/09\/Bogenschiessen-6-1024x768.jpeg 1024w, https:\/\/sv-eichenbarleben.de\/wp-content\/uploads\/2022\/09\/Bogenschiessen-6-300x225.jpeg 300w, https:\/\/sv-eichenbarleben.de\/wp-content\/uploads\/2022\/09\/Bogenschiessen-6-768x576.jpeg 768w, https:\/\/sv-eichenbarleben.de\/wp-content\/uploads\/2022\/09\/Bogenschiessen-6-1536x1152.jpeg 1536w, https:\/\/sv-eichenbarleben.de\/wp-content\/uploads\/2022\/09\/Bogenschiessen-6.jpeg 2000w\" sizes=\"auto, (max-width: 525px) 100vw, 525px\" \/> <img loading=\"lazy\" decoding=\"async\" class=\"alignnone size-large wp-image-388\" src=\"http:\/\/sv-eichenbarleben.de\/wp-content\/uploads\/2022\/09\/Bogenschiessen-5-768x1024.jpeg\" alt=\"\" width=\"525\" height=\"700\" srcset=\"https:\/\/sv-eichenbarleben.de\/wp-content\/uploads\/2022\/09\/Bogenschiessen-5-768x1024.jpeg 768w, https:\/\/sv-eichenbarleben.de\/wp-content\/uploads\/2022\/09\/Bogenschiessen-5-225x300.jpeg 225w, https:\/\/sv-eichenbarleben.de\/wp-content\/uploads\/2022\/09\/Bogenschiessen-5-1152x1536.jpeg 1152w, https:\/\/sv-eichenbarleben.de\/wp-content\/uploads\/2022\/09\/Bogenschiessen-5.jpeg 1500w\" sizes=\"auto, (max-width: 525px) 100vw, 525px\" \/> <img loading=\"lazy\" decoding=\"async\" class=\"alignnone size-large wp-image-387\" src=\"http:\/\/sv-eichenbarleben.de\/wp-content\/uploads\/2022\/09\/Bogenschiessen-4-768x1024.jpeg\" alt=\"\" width=\"525\" height=\"700\" srcset=\"https:\/\/sv-eichenbarleben.de\/wp-content\/uploads\/2022\/09\/Bogenschiessen-4-768x1024.jpeg 768w, https:\/\/sv-eichenbarleben.de\/wp-content\/uploads\/2022\/09\/Bogenschiessen-4-225x300.jpeg 225w, https:\/\/sv-eichenbarleben.de\/wp-content\/uploads\/2022\/09\/Bogenschiessen-4-1152x1536.jpeg 1152w, https:\/\/sv-eichenbarleben.de\/wp-content\/uploads\/2022\/09\/Bogenschiessen-4.jpeg 1500w\" sizes=\"auto, (max-width: 525px) 100vw, 525px\" \/> <img loading=\"lazy\" decoding=\"async\" class=\"alignnone size-large wp-image-386\" src=\"http:\/\/sv-eichenbarleben.de\/wp-content\/uploads\/2022\/09\/Bogenschiessen-3-1024x768.jpeg\" alt=\"\" width=\"525\" height=\"394\" srcset=\"https:\/\/sv-eichenbarleben.de\/wp-content\/uploads\/2022\/09\/Bogenschiessen-3-1024x768.jpeg 1024w, https:\/\/sv-eichenbarleben.de\/wp-content\/uploads\/2022\/09\/Bogenschiessen-3-300x225.jpeg 300w, https:\/\/sv-eichenbarleben.de\/wp-content\/uploads\/2022\/09\/Bogenschiessen-3-768x576.jpeg 768w, https:\/\/sv-eichenbarleben.de\/wp-content\/uploads\/2022\/09\/Bogenschiessen-3-1536x1152.jpeg 1536w, https:\/\/sv-eichenbarleben.de\/wp-content\/uploads\/2022\/09\/Bogenschiessen-3.jpeg 2000w\" sizes=\"auto, (max-width: 525px) 100vw, 525px\" \/><\/p>\n","protected":false},"excerpt":{"rendered":"<p>Am 10. September 2022, fand der 2. Kreisjugendtag auf der Dachsburg statt. Es war ein sch\u00f6ner Tag, mit Trapschie\u00dfen, Messerwerfen, Dart und Bogenschie\u00dfen, sowie Stockbrot und Gegrilltem. Am Ende fand die mehrfach verschobene Siegerehrung vom Ohrepokal und den Jugendpokalrunden 2021 statt. Cassidy Gietz gewann beide Wettk\u00e4mpfe in der Klasse LG Juniorinnen 2, Anna-Lena Weilbeer holte &hellip; <\/p>\n<p class=\"link-more\"><a href=\"https:\/\/sv-eichenbarleben.de\/?page_id=383\" class=\"more-link\"><span class=\"screen-reader-text\">\u201eKreisjugendtag 2022 Dachsburg\u201c <\/span>weiterlesen<\/a><\/p>\n","protected":false},"author":1,"featured_media":0,"parent":215,"menu_order":0,"comment_status":"closed","ping_status":"closed","template":"","meta":{"footnotes":""},"class_list":["post-383","page","type-page","status-publish","hentry"],"_links":{"self":[{"href":"https:\/\/sv-eichenbarleben.de\/index.php?rest_route=\/wp\/v2\/pages\/383","targetHints":{"allow":["GET"]}}],"collection":[{"href":"https:\/\/sv-eichenbarleben.de\/index.php?rest_route=\/wp\/v2\/pages"}],"about":[{"href":"https:\/\/sv-eichenbarleben.de\/index.php?rest_route=\/wp\/v2\/types\/page"}],"author":[{"embeddable":true,"href":"https:\/\/sv-eichenbarleben.de\/index.php?rest_route=\/wp\/v2\/users\/1"}],"replies":[{"embeddable":true,"href":"https:\/\/sv-eichenbarleben.de\/index.php?rest_route=%2Fwp%2Fv2%2Fcomments&post=383"}],"version-history":[{"count":4,"href":"https:\/\/sv-eichenbarleben.de\/index.php?rest_route=\/wp\/v2\/pages\/383\/revisions"}],"predecessor-version":[{"id":396,"href":"https:\/\/sv-eichenbarleben.de\/index.php?rest_route=\/wp\/v2\/pages\/383\/revisions\/396"}],"up":[{"embeddable":true,"href":"https:\/\/sv-eichenbarleben.de\/index.php?rest_route=\/wp\/v2\/pages\/215"}],"wp:attachment":[{"href":"https:\/\/sv-eichenbarleben.de\/index.php?rest_route=%2Fwp%2Fv2%2Fmedia&parent=383"}],"curies":[{"name":"wp","href":"https:\/\/api.w.org\/{rel}","templated":true}]}}