{"id":27,"date":"2020-02-01T13:07:42","date_gmt":"2020-02-01T11:07:42","guid":{"rendered":"http:\/\/sv-eichenbarleben.de\/?page_id=27"},"modified":"2026-03-03T14:11:19","modified_gmt":"2026-03-03T12:11:19","slug":"oeffnungszeiten","status":"publish","type":"page","link":"https:\/\/sv-eichenbarleben.de\/?page_id=27","title":{"rendered":"\u00d6ffnungszeiten"},"content":{"rendered":"<h2>Mittwoch bis Samstag\r\nvon 09.00 Uhr bis 16.00 Uhr und\r\nSonntag\r\nvon 09.00 Uhr bis 12.00 Uhr<\/h2>\r\n<h2>Feiertags geschlossen<\/h2>\r\n<h2>jeden 1. Sonntag im Monat nur f\u00fcr Mitglieder des\r\nSV Eichenbarleben von 1994 e.V.<\/h2>\r\n<h2 style=\"text-align: center;\">Trainings- oder Wettkampfschie\u00dfen f\u00fcr G\u00e4ste\r\nnur nach vorheriger Anmeldung!<\/h2>\r\n<h2>F\u00fcr die Sicherstellung der Standaufsicht sind die Sch\u00fctzen selbst verantwortlich. Der Nachweis zur Standaufsicht ist vorzuweisen.<\/h2>\r\n<h2>Reservierung unter: 039206 54080<\/h2>\r\n<h1>Stand: 03.02.2026<\/h1>\r\n&nbsp;\r\n\r\n<!-- \/wp:post-content -->","protected":false},"excerpt":{"rendered":"<p>Mittwoch bis Samstag von 09.00 Uhr bis 16.00 Uhr und Sonntag von 09.00 Uhr bis 12.00 Uhr Feiertags geschlossen jeden 1. Sonntag im Monat nur f\u00fcr Mitglieder des SV Eichenbarleben von 1994 e.V. Trainings- oder Wettkampfschie\u00dfen f\u00fcr G\u00e4ste nur nach vorheriger Anmeldung! F\u00fcr die Sicherstellung der Standaufsicht sind die Sch\u00fctzen selbst verantwortlich. Der Nachweis zur &hellip; <\/p>\n<p class=\"link-more\"><a href=\"https:\/\/sv-eichenbarleben.de\/?page_id=27\" class=\"more-link\"><span class=\"screen-reader-text\">\u201e\u00d6ffnungszeiten\u201c <\/span>weiterlesen<\/a><\/p>\n","protected":false},"author":1,"featured_media":0,"parent":234,"menu_order":3,"comment_status":"closed","ping_status":"closed","template":"","meta":{"footnotes":""},"class_list":["post-27","page","type-page","status-publish","hentry"],"_links":{"self":[{"href":"https:\/\/sv-eichenbarleben.de\/index.php?rest_route=\/wp\/v2\/pages\/27","targetHints":{"allow":["GET"]}}],"collection":[{"href":"https:\/\/sv-eichenbarleben.de\/index.php?rest_route=\/wp\/v2\/pages"}],"about":[{"href":"https:\/\/sv-eichenbarleben.de\/index.php?rest_route=\/wp\/v2\/types\/page"}],"author":[{"embeddable":true,"href":"https:\/\/sv-eichenbarleben.de\/index.php?rest_route=\/wp\/v2\/users\/1"}],"replies":[{"embeddable":true,"href":"https:\/\/sv-eichenbarleben.de\/index.php?rest_route=%2Fwp%2Fv2%2Fcomments&post=27"}],"version-history":[{"count":11,"href":"https:\/\/sv-eichenbarleben.de\/index.php?rest_route=\/wp\/v2\/pages\/27\/revisions"}],"predecessor-version":[{"id":1157,"href":"https:\/\/sv-eichenbarleben.de\/index.php?rest_route=\/wp\/v2\/pages\/27\/revisions\/1157"}],"up":[{"embeddable":true,"href":"https:\/\/sv-eichenbarleben.de\/index.php?rest_route=\/wp\/v2\/pages\/234"}],"wp:attachment":[{"href":"https:\/\/sv-eichenbarleben.de\/index.php?rest_route=%2Fwp%2Fv2%2Fmedia&parent=27"}],"curies":[{"name":"wp","href":"https:\/\/api.w.org\/{rel}","templated":true}]}}