{"id":116,"date":"2020-02-10T15:01:08","date_gmt":"2020-02-10T15:01:08","guid":{"rendered":"http:\/\/sv-eichenbarleben.de\/?page_id=116"},"modified":"2023-03-14T14:11:36","modified_gmt":"2023-03-14T12:11:36","slug":"impressum","status":"publish","type":"page","link":"https:\/\/sv-eichenbarleben.de\/?page_id=116","title":{"rendered":"Impressum"},"content":{"rendered":"<p>\u00a9 2020 Sch\u00fctzenverein Eichenbarleben von 1994 e.V. &#8211; Alle Rechte vorbehalten.<\/p>\n<p>Verantwortlich f\u00fcr den Inhalt<br \/>\n1. Vorsitzender: Harry Bliss<br \/>\nTelefon: 039206 54080<br \/>\nRedaktion: Frauke Heiduk<br \/>\nTelefon: 039206 54080<\/p>\n<p>Hosting<br \/>\nAlle Informationen dienen zur pers\u00f6nlichen Information &#8211; eine kommerzielle Fremdnutzung der Seiten des Sch\u00fctzenvereins Eichenbarleben von 1994 e.V., der Inhalte, Bilder, Informationen, redaktionellen Beschreibungen, der Strukturierung usw. ist nicht erlaubt. Die auf dieser Internet-Pr\u00e4senz ver\u00f6ffentlichten Texte, Bilder und Informationen sind zum Teil urheberrechtlich gesch\u00fctzt. F\u00fcr Fehler im Text, in Erkl\u00e4rungen und Darstellungen oder falsche Links wird keine Haftung \u00fcbernommen. Der SV Eichenbarleben \u00fcbernimmt auch keinerlei Haftung f\u00fcr die Inhalte der als Links aufgef\u00fchrten Internetangebote.<\/p>\n","protected":false},"excerpt":{"rendered":"<p>\u00a9 2020 Sch\u00fctzenverein Eichenbarleben von 1994 e.V. &#8211; Alle Rechte vorbehalten. Verantwortlich f\u00fcr den Inhalt 1. Vorsitzender: Harry Bliss Telefon: 039206 54080 Redaktion: Frauke Heiduk Telefon: 039206 54080 Hosting Alle Informationen dienen zur pers\u00f6nlichen Information &#8211; eine kommerzielle Fremdnutzung der Seiten des Sch\u00fctzenvereins Eichenbarleben von 1994 e.V., der Inhalte, Bilder, Informationen, redaktionellen Beschreibungen, der Strukturierung &hellip; <\/p>\n<p class=\"link-more\"><a href=\"https:\/\/sv-eichenbarleben.de\/?page_id=116\" class=\"more-link\"><span class=\"screen-reader-text\">\u201eImpressum\u201c <\/span>weiterlesen<\/a><\/p>\n","protected":false},"author":1,"featured_media":0,"parent":0,"menu_order":0,"comment_status":"closed","ping_status":"closed","template":"","meta":{"footnotes":""},"class_list":["post-116","page","type-page","status-publish","hentry"],"_links":{"self":[{"href":"https:\/\/sv-eichenbarleben.de\/index.php?rest_route=\/wp\/v2\/pages\/116","targetHints":{"allow":["GET"]}}],"collection":[{"href":"https:\/\/sv-eichenbarleben.de\/index.php?rest_route=\/wp\/v2\/pages"}],"about":[{"href":"https:\/\/sv-eichenbarleben.de\/index.php?rest_route=\/wp\/v2\/types\/page"}],"author":[{"embeddable":true,"href":"https:\/\/sv-eichenbarleben.de\/index.php?rest_route=\/wp\/v2\/users\/1"}],"replies":[{"embeddable":true,"href":"https:\/\/sv-eichenbarleben.de\/index.php?rest_route=%2Fwp%2Fv2%2Fcomments&post=116"}],"version-history":[{"count":5,"href":"https:\/\/sv-eichenbarleben.de\/index.php?rest_route=\/wp\/v2\/pages\/116\/revisions"}],"predecessor-version":[{"id":692,"href":"https:\/\/sv-eichenbarleben.de\/index.php?rest_route=\/wp\/v2\/pages\/116\/revisions\/692"}],"wp:attachment":[{"href":"https:\/\/sv-eichenbarleben.de\/index.php?rest_route=%2Fwp%2Fv2%2Fmedia&parent=116"}],"curies":[{"name":"wp","href":"https:\/\/api.w.org\/{rel}","templated":true}]}}