{"id":1159,"date":"2026-03-09T13:55:51","date_gmt":"2026-03-09T11:55:51","guid":{"rendered":"https:\/\/sv-eichenbarleben.de\/?page_id=1159"},"modified":"2026-03-09T13:55:51","modified_gmt":"2026-03-09T11:55:51","slug":"arbeitseinsatz-im-schuetzenhaus-2025","status":"publish","type":"page","link":"https:\/\/sv-eichenbarleben.de\/?page_id=1159","title":{"rendered":"Arbeitseinsatz im Sch\u00fctzenhaus 2025"},"content":{"rendered":"<p>Fr\u00fchjahrsputz im SVE \u2013 05.04.2025<\/p>\n<p><img loading=\"lazy\" decoding=\"async\" class=\"alignnone wp-image-1061\" src=\"https:\/\/sv-eichenbarleben.de\/wp-content\/uploads\/2025\/04\/SVE_Jugend-1024x577.jpg\" sizes=\"auto, (max-width: 578px) 100vw, 578px\" srcset=\"https:\/\/sv-eichenbarleben.de\/wp-content\/uploads\/2025\/04\/SVE_Jugend-1024x577.jpg 1024w, https:\/\/sv-eichenbarleben.de\/wp-content\/uploads\/2025\/04\/SVE_Jugend-300x169.jpg 300w, https:\/\/sv-eichenbarleben.de\/wp-content\/uploads\/2025\/04\/SVE_Jugend-768x432.jpg 768w, https:\/\/sv-eichenbarleben.de\/wp-content\/uploads\/2025\/04\/SVE_Jugend-1536x865.jpg 1536w, https:\/\/sv-eichenbarleben.de\/wp-content\/uploads\/2025\/04\/SVE_Jugend.jpg 2000w\" alt=\"\" width=\"578\" height=\"326\" \/>(c) SVE<\/p>\n<p><img loading=\"lazy\" decoding=\"async\" class=\"alignnone size-full wp-image-1060\" src=\"https:\/\/sv-eichenbarleben.de\/wp-content\/uploads\/2025\/04\/Arbeitseinsatz_SVE.jpg\" sizes=\"auto, (max-width: 640px) 100vw, 640px\" srcset=\"https:\/\/sv-eichenbarleben.de\/wp-content\/uploads\/2025\/04\/Arbeitseinsatz_SVE.jpg 640w, https:\/\/sv-eichenbarleben.de\/wp-content\/uploads\/2025\/04\/Arbeitseinsatz_SVE-300x169.jpg 300w\" alt=\"\" width=\"640\" height=\"360\" \/>(c) SVE<\/p>\n<p>Auch in diesem Jahr haben sich wieder viele Mitglieder des SVE beim all-j\u00e4hrlichen Fr\u00fchjahrsputz im Sch\u00fctzenhaus und bei der Gartenpflege beteiligt. Mit vereinten Kr\u00e4ften wurde viel geschafft. Im Anschluss wurde drau\u00dfen bei Bratwurst, Steak, Salat, Kuchen und Getr\u00e4nken noch gem\u00fctlich zusammengesessen. Es war sch\u00f6n, dass so viele mitgemacht haben, denn neben unserem Schie\u00dfsport machen auch solche Aktionen ein gutes Vereinsleben aus.<\/p>\n","protected":false},"excerpt":{"rendered":"<p>Fr\u00fchjahrsputz im SVE \u2013 05.04.2025 (c) SVE (c) SVE Auch in diesem Jahr haben sich wieder viele Mitglieder des SVE beim all-j\u00e4hrlichen Fr\u00fchjahrsputz im Sch\u00fctzenhaus und bei der Gartenpflege beteiligt. Mit vereinten Kr\u00e4ften wurde viel geschafft. Im Anschluss wurde drau\u00dfen bei Bratwurst, Steak, Salat, Kuchen und Getr\u00e4nken noch gem\u00fctlich zusammengesessen. Es war sch\u00f6n, dass so &hellip; <\/p>\n<p class=\"link-more\"><a href=\"https:\/\/sv-eichenbarleben.de\/?page_id=1159\" class=\"more-link\"><span class=\"screen-reader-text\">\u201eArbeitseinsatz im Sch\u00fctzenhaus 2025\u201c <\/span>weiterlesen<\/a><\/p>\n","protected":false},"author":4,"featured_media":0,"parent":0,"menu_order":0,"comment_status":"closed","ping_status":"closed","template":"","meta":{"footnotes":""},"class_list":["post-1159","page","type-page","status-publish","hentry"],"_links":{"self":[{"href":"https:\/\/sv-eichenbarleben.de\/index.php?rest_route=\/wp\/v2\/pages\/1159","targetHints":{"allow":["GET"]}}],"collection":[{"href":"https:\/\/sv-eichenbarleben.de\/index.php?rest_route=\/wp\/v2\/pages"}],"about":[{"href":"https:\/\/sv-eichenbarleben.de\/index.php?rest_route=\/wp\/v2\/types\/page"}],"author":[{"embeddable":true,"href":"https:\/\/sv-eichenbarleben.de\/index.php?rest_route=\/wp\/v2\/users\/4"}],"replies":[{"embeddable":true,"href":"https:\/\/sv-eichenbarleben.de\/index.php?rest_route=%2Fwp%2Fv2%2Fcomments&post=1159"}],"version-history":[{"count":1,"href":"https:\/\/sv-eichenbarleben.de\/index.php?rest_route=\/wp\/v2\/pages\/1159\/revisions"}],"predecessor-version":[{"id":1160,"href":"https:\/\/sv-eichenbarleben.de\/index.php?rest_route=\/wp\/v2\/pages\/1159\/revisions\/1160"}],"wp:attachment":[{"href":"https:\/\/sv-eichenbarleben.de\/index.php?rest_route=%2Fwp%2Fv2%2Fmedia&parent=1159"}],"curies":[{"name":"wp","href":"https:\/\/api.w.org\/{rel}","templated":true}]}}